{"id":13088,"date":"2021-10-29T15:56:51","date_gmt":"2021-10-29T19:56:51","guid":{"rendered":"https:\/\/emmanuelpaquin.com\/greater-montreal-real-estate-market-report-and-trends\/customized-market-report"},"modified":"2021-12-20T10:23:32","modified_gmt":"2021-12-20T15:23:32","slug":"customized-market-report","status":"publish","type":"page","link":"https:\/\/emmanuelpaquin.com\/en\/greater-montreal-real-estate-market-report-and-trends\/customized-market-report","title":{"rendered":"Customized market report"},"content":{"rendered":"<p>[vc_section][vc_row gap=&#8221;30&#8243; css=&#8221;.vc_custom_1588952377919{padding-top: 90px !important;}&#8221;][vc_column width=&#8221;2\/3&#8243;][vc_raw_html]JTNDZGl2JTIwY2xhc3MlM0QlMjJpZnJhbWVGdWxsJTIwaWZyYW1lQWNoZXRlciUyMGlmcmFtZU1hcmNoZSUyMiUzRSUzQ2lmcmFtZSUyMHNyYyUzRCUyMmh0dHBzJTNBJTJGJTJGd3d3LnByb3NwZWN0c3dlYi5jb20lMkZwcm9zcGVjdHMlMkZsZWFkZ3JhYmJlci5kbyUzRnRvayUzRGVvUTdkdWFZUGxhQzhpeFdIaXFjRjNmbWl5VloycDVtRVVNdTFSZDQlMkZKY3pCNHp6S1FNVEp0UlpLYm5OTWw2UyUyQnk0RVJEN1pYVFM4MHpFTGlLbDhWeE1xMTExbnVnJTNEJTNEJTIwJTI2YW1wJTNCdHlwZSUzRDQlMjZhbXAlM0JzdHlsZV91cmwlM0RodHRwcyUzQSUyRiUyRmVtbWFudWU0Lm15d2hjLmNhJTJGd3AtY29udGVudCUyRnRoZW1lcyUyRmhvdXplei1jaGlsZCUyRmZvcm0uY3NzJTI2YW1wJTNCbGFuZyUzRGVuJTIyJTIwd2lkdGglM0QlMjIxMDAlMjUlMjIlMjBoZWlnaHQlM0QlMjIxMDAlMjUlMjIlMjBzdHlsZSUzRCUyMmJvcmRlciUzQW5vbmUlM0IlMjIlM0UlMEElM0MlMkZpZnJhbWUlM0UlM0MlMkZkaXYlM0U=[\/vc_raw_html][\/vc_column][vc_column width=&#8221;1\/3&#8243; css=&#8221;.vc_custom_1588954967329{border-top-width: 1px !important;border-right-width: 1px !important;border-bottom-width: 1px !important;border-left-width: 1px !important;border-left-color: #e6e6e6 !important;border-left-style: solid !important;border-right-color: #e6e6e6 !important;border-right-style: solid !important;border-top-color: #e6e6e6 !important;border-top-style: solid !important;border-bottom-color: #e6e6e6 !important;border-bottom-style: solid !important;}&#8221; el_class=&#8221;outilPratique&#8221;][vc_column_text css=&#8221;.vc_custom_1588954528948{border-bottom-width: 0px !important;border-bottom-color: #000000 !important;border-bottom-style: solid !important;}&#8221;]<\/p>\n<h2 style=\"text-align: center;\">Useful tools<\/h2>\n<p>[\/vc_column_text][vc_wp_custommenu nav_menu=&#8221;47&#8243; el_class=&#8221;outilMenu&#8221;][\/vc_column][\/vc_row][\/vc_section]<\/p>\n","protected":false},"excerpt":{"rendered":"<p>[vc_section][vc_row gap=&#8221;30&#8243; css=&#8221;.vc_custom_1588952377919{padding-top: 90px !important;}&#8221;][vc_column width=&#8221;2\/3&#8243;][vc_raw_html]JTNDZGl2JTIwY2xhc3MlM0QlMjJpZnJhbWVGdWxsJTIwaWZyYW1lQWNoZXRlciUyMGlmcmFtZU1hcmNoZSUyMiUzRSUzQ2lmcmFtZSUyMHNyYyUzRCUyMmh0dHBzJTNBJTJGJTJGd3d3LnByb3NwZWN0c3dlYi5jb20lMkZwcm9zcGVjdHMlMkZsZWFkZ3JhYmJlci5kbyUzRnRvayUzRGVvUTdkdWFZUGxhQzhpeFdIaXFjRjNmbWl5VloycDVtRVVNdTFSZDQlMkZKY3pCNHp6S1FNVEp0UlpLYm5OTWw2UyUyQnk0RVJEN1pYVFM4MHpFTGlLbDhWeE1xMTExbnVnJTNEJTNEJTIwJTI2YW1wJTNCdHlwZSUzRDQlMjZhbXAlM0JzdHlsZV91cmwlM0RodHRwcyUzQSUyRiUyRmVtbWFudWU0Lm15d2hjLmNhJTJGd3AtY29udGVudCUyRnRoZW1lcyUyRmhvdXplei1jaGlsZCUyRmZvcm0uY3NzJTI2YW1wJTNCbGFuZyUzRGVuJTIyJTIwd2lkdGglM0QlMjIxMDAlMjUlMjIlMjBoZWlnaHQlM0QlMjIxMDAlMjUlMjIlMjBzdHlsZSUzRCUyMmJvcmRlciUzQW5vbmUlM0IlMjIlM0UlMEElM0MlMkZpZnJhbWUlM0UlM0MlMkZkaXYlM0U=[\/vc_raw_html][\/vc_column][vc_column width=&#8221;1\/3&#8243; css=&#8221;.vc_custom_1588954967329{border-top-width: 1px !important;border-right-width: 1px !important;border-bottom-width: 1px !important;border-left-width: 1px !important;border-left-color: #e6e6e6 !important;border-left-style: solid !important;border-right-color: #e6e6e6 !important;border-right-style: solid !important;border-top-color: #e6e6e6 !important;border-top-style: solid !important;border-bottom-color: #e6e6e6 !important;border-bottom-style: solid !important;}&#8221; el_class=&#8221;outilPratique&#8221;][vc_column_text css=&#8221;.vc_custom_1588954528948{border-bottom-width: 0px !important;border-bottom-color: #000000 !important;border-bottom-style: solid !important;}&#8221;] Useful tools [\/vc_column_text][vc_wp_custommenu nav_menu=&#8221;47&#8243; el_class=&#8221;outilMenu&#8221;][\/vc_column][\/vc_row][\/vc_section]<\/p>\n","protected":false},"author":2,"featured_media":0,"parent":12950,"menu_order":0,"comment_status":"closed","ping_status":"closed","template":"template\/template-page.php","meta":{"content-type":""},"acf":[],"yoast_head":"<!-- This site is optimized with the Yoast SEO plugin v17.9 - https:\/\/yoast.com\/wordpress\/plugins\/seo\/ -->\n<title>Customized market report | Emmanuel Paquin<\/title>\n<meta name=\"robots\" content=\"index, follow, max-snippet:-1, max-image-preview:large, max-video-preview:-1\" \/>\n<link rel=\"canonical\" href=\"https:\/\/emmanuelpaquin.com\/en\/greater-montreal-real-estate-market-report-and-trends\/customized-market-report\" \/>\n<meta property=\"og:locale\" content=\"en_US\" \/>\n<meta property=\"og:type\" content=\"article\" \/>\n<meta property=\"og:title\" content=\"Customized market report | Emmanuel Paquin\" \/>\n<meta property=\"og:description\" content=\"[vc_section][vc_row gap=&#8221;30&#8243; css=&#8221;.vc_custom_1588952377919{padding-top: 90px !important;}&#8221;][vc_column width=&#8221;2\/3&#8243;][vc_raw_html]JTNDZGl2JTIwY2xhc3MlM0QlMjJpZnJhbWVGdWxsJTIwaWZyYW1lQWNoZXRlciUyMGlmcmFtZU1hcmNoZSUyMiUzRSUzQ2lmcmFtZSUyMHNyYyUzRCUyMmh0dHBzJTNBJTJGJTJGd3d3LnByb3NwZWN0c3dlYi5jb20lMkZwcm9zcGVjdHMlMkZsZWFkZ3JhYmJlci5kbyUzRnRvayUzRGVvUTdkdWFZUGxhQzhpeFdIaXFjRjNmbWl5VloycDVtRVVNdTFSZDQlMkZKY3pCNHp6S1FNVEp0UlpLYm5OTWw2UyUyQnk0RVJEN1pYVFM4MHpFTGlLbDhWeE1xMTExbnVnJTNEJTNEJTIwJTI2YW1wJTNCdHlwZSUzRDQlMjZhbXAlM0JzdHlsZV91cmwlM0RodHRwcyUzQSUyRiUyRmVtbWFudWU0Lm15d2hjLmNhJTJGd3AtY29udGVudCUyRnRoZW1lcyUyRmhvdXplei1jaGlsZCUyRmZvcm0uY3NzJTI2YW1wJTNCbGFuZyUzRGVuJTIyJTIwd2lkdGglM0QlMjIxMDAlMjUlMjIlMjBoZWlnaHQlM0QlMjIxMDAlMjUlMjIlMjBzdHlsZSUzRCUyMmJvcmRlciUzQW5vbmUlM0IlMjIlM0UlMEElM0MlMkZpZnJhbWUlM0UlM0MlMkZkaXYlM0U=[\/vc_raw_html][\/vc_column][vc_column width=&#8221;1\/3&#8243; css=&#8221;.vc_custom_1588954967329{border-top-width: 1px !important;border-right-width: 1px !important;border-bottom-width: 1px !important;border-left-width: 1px !important;border-left-color: #e6e6e6 !important;border-left-style: solid !important;border-right-color: #e6e6e6 !important;border-right-style: solid !important;border-top-color: #e6e6e6 !important;border-top-style: solid !important;border-bottom-color: #e6e6e6 !important;border-bottom-style: solid !important;}&#8221; el_class=&#8221;outilPratique&#8221;][vc_column_text css=&#8221;.vc_custom_1588954528948{border-bottom-width: 0px !important;border-bottom-color: #000000 !important;border-bottom-style: solid !important;}&#8221;] Useful tools [\/vc_column_text][vc_wp_custommenu nav_menu=&#8221;47&#8243; el_class=&#8221;outilMenu&#8221;][\/vc_column][\/vc_row][\/vc_section]\" \/>\n<meta property=\"og:url\" content=\"https:\/\/emmanuelpaquin.com\/en\/greater-montreal-real-estate-market-report-and-trends\/customized-market-report\" \/>\n<meta property=\"og:site_name\" content=\"Emmanuel Paquin\" \/>\n<meta property=\"article:publisher\" content=\"https:\/\/www.facebook.com\/emmanuelpaquinremax\/\" \/>\n<meta property=\"article:modified_time\" content=\"2021-12-20T15:23:32+00:00\" \/>\n<meta name=\"twitter:card\" content=\"summary_large_image\" \/>\n<meta name=\"twitter:site\" content=\"@toitetvous\" \/>\n<meta name=\"twitter:label1\" content=\"Est. reading time\" \/>\n\t<meta name=\"twitter:data1\" content=\"1 minute\" \/>\n<script type=\"application\/ld+json\" class=\"yoast-schema-graph\">{\"@context\":\"https:\/\/schema.org\",\"@graph\":[{\"@type\":\"Organization\",\"@id\":\"https:\/\/emmanuelpaquin.com\/#organization\",\"name\":\"Emmanuel Paquin - Courtier Immobilier\",\"url\":\"https:\/\/emmanuelpaquin.com\/\",\"sameAs\":[\"https:\/\/www.facebook.com\/emmanuelpaquinremax\/\",\"https:\/\/www.instagram.com\/emmanuelpaquin\/\",\"https:\/\/www.linkedin.com\/in\/emmanuel-paquin-9885b17\/?originalSubdomain=ca\",\"https:\/\/www.youtube.com\/channel\/UCXgkkXLm9E6LbLtaN_cmS5w\",\"https:\/\/www.pinterest.ca\/toitetvous\/_saved\/\",\"https:\/\/twitter.com\/toitetvous\"],\"logo\":{\"@type\":\"ImageObject\",\"@id\":\"https:\/\/emmanuelpaquin.com\/#logo\",\"inLanguage\":\"en-CA\",\"url\":\"https:\/\/emmanuelpaquin.com\/wp-content\/uploads\/2021\/08\/emmanuel-sm3.jpg\",\"contentUrl\":\"https:\/\/emmanuelpaquin.com\/wp-content\/uploads\/2021\/08\/emmanuel-sm3.jpg\",\"width\":1000,\"height\":660,\"caption\":\"Emmanuel Paquin - Courtier Immobilier\"},\"image\":{\"@id\":\"https:\/\/emmanuelpaquin.com\/#logo\"}},{\"@type\":\"WebSite\",\"@id\":\"https:\/\/emmanuelpaquin.com\/#website\",\"url\":\"https:\/\/emmanuelpaquin.com\/\",\"name\":\"Emmanuel Paquin\",\"description\":\"Ax\\u00e9 sur le client. Motiv\\u00e9 par les r\\u00e9sultats.\",\"publisher\":{\"@id\":\"https:\/\/emmanuelpaquin.com\/#organization\"},\"potentialAction\":[{\"@type\":\"SearchAction\",\"target\":{\"@type\":\"EntryPoint\",\"urlTemplate\":\"https:\/\/emmanuelpaquin.com\/?s={search_term_string}\"},\"query-input\":\"required name=search_term_string\"}],\"inLanguage\":\"en-CA\"},{\"@type\":\"WebPage\",\"@id\":\"https:\/\/emmanuelpaquin.com\/en\/greater-montreal-real-estate-market-report-and-trends\/customized-market-report#webpage\",\"url\":\"https:\/\/emmanuelpaquin.com\/en\/greater-montreal-real-estate-market-report-and-trends\/customized-market-report\",\"name\":\"Customized market report | Emmanuel Paquin\",\"isPartOf\":{\"@id\":\"https:\/\/emmanuelpaquin.com\/#website\"},\"datePublished\":\"2021-10-29T19:56:51+00:00\",\"dateModified\":\"2021-12-20T15:23:32+00:00\",\"breadcrumb\":{\"@id\":\"https:\/\/emmanuelpaquin.com\/en\/greater-montreal-real-estate-market-report-and-trends\/customized-market-report#breadcrumb\"},\"inLanguage\":\"en-CA\",\"potentialAction\":[{\"@type\":\"ReadAction\",\"target\":[\"https:\/\/emmanuelpaquin.com\/en\/greater-montreal-real-estate-market-report-and-trends\/customized-market-report\"]}]},{\"@type\":\"BreadcrumbList\",\"@id\":\"https:\/\/emmanuelpaquin.com\/en\/greater-montreal-real-estate-market-report-and-trends\/customized-market-report#breadcrumb\",\"itemListElement\":[{\"@type\":\"ListItem\",\"position\":1,\"name\":\"Home\",\"item\":\"https:\/\/emmanuelpaquin.com\/en\/home\"},{\"@type\":\"ListItem\",\"position\":2,\"name\":\"Greater Montreal Real Estate Market Report and Trends\",\"item\":\"https:\/\/emmanuelpaquin.com\/en\/greater-montreal-real-estate-market-report-and-trends\"},{\"@type\":\"ListItem\",\"position\":3,\"name\":\"Customized market report\"}]}]}<\/script>\n<!-- \/ Yoast SEO plugin. -->","yoast_head_json":{"title":"Customized market report | Emmanuel Paquin","robots":{"index":"index","follow":"follow","max-snippet":"max-snippet:-1","max-image-preview":"max-image-preview:large","max-video-preview":"max-video-preview:-1"},"canonical":"https:\/\/emmanuelpaquin.com\/en\/greater-montreal-real-estate-market-report-and-trends\/customized-market-report","og_locale":"en_US","og_type":"article","og_title":"Customized market report | Emmanuel Paquin","og_description":"[vc_section][vc_row gap=&#8221;30&#8243; css=&#8221;.vc_custom_1588952377919{padding-top: 90px !important;}&#8221;][vc_column width=&#8221;2\/3&#8243;][vc_raw_html]JTNDZGl2JTIwY2xhc3MlM0QlMjJpZnJhbWVGdWxsJTIwaWZyYW1lQWNoZXRlciUyMGlmcmFtZU1hcmNoZSUyMiUzRSUzQ2lmcmFtZSUyMHNyYyUzRCUyMmh0dHBzJTNBJTJGJTJGd3d3LnByb3NwZWN0c3dlYi5jb20lMkZwcm9zcGVjdHMlMkZsZWFkZ3JhYmJlci5kbyUzRnRvayUzRGVvUTdkdWFZUGxhQzhpeFdIaXFjRjNmbWl5VloycDVtRVVNdTFSZDQlMkZKY3pCNHp6S1FNVEp0UlpLYm5OTWw2UyUyQnk0RVJEN1pYVFM4MHpFTGlLbDhWeE1xMTExbnVnJTNEJTNEJTIwJTI2YW1wJTNCdHlwZSUzRDQlMjZhbXAlM0JzdHlsZV91cmwlM0RodHRwcyUzQSUyRiUyRmVtbWFudWU0Lm15d2hjLmNhJTJGd3AtY29udGVudCUyRnRoZW1lcyUyRmhvdXplei1jaGlsZCUyRmZvcm0uY3NzJTI2YW1wJTNCbGFuZyUzRGVuJTIyJTIwd2lkdGglM0QlMjIxMDAlMjUlMjIlMjBoZWlnaHQlM0QlMjIxMDAlMjUlMjIlMjBzdHlsZSUzRCUyMmJvcmRlciUzQW5vbmUlM0IlMjIlM0UlMEElM0MlMkZpZnJhbWUlM0UlM0MlMkZkaXYlM0U=[\/vc_raw_html][\/vc_column][vc_column width=&#8221;1\/3&#8243; css=&#8221;.vc_custom_1588954967329{border-top-width: 1px !important;border-right-width: 1px !important;border-bottom-width: 1px !important;border-left-width: 1px !important;border-left-color: #e6e6e6 !important;border-left-style: solid !important;border-right-color: #e6e6e6 !important;border-right-style: solid !important;border-top-color: #e6e6e6 !important;border-top-style: solid !important;border-bottom-color: #e6e6e6 !important;border-bottom-style: solid !important;}&#8221; el_class=&#8221;outilPratique&#8221;][vc_column_text css=&#8221;.vc_custom_1588954528948{border-bottom-width: 0px !important;border-bottom-color: #000000 !important;border-bottom-style: solid !important;}&#8221;] Useful tools [\/vc_column_text][vc_wp_custommenu nav_menu=&#8221;47&#8243; el_class=&#8221;outilMenu&#8221;][\/vc_column][\/vc_row][\/vc_section]","og_url":"https:\/\/emmanuelpaquin.com\/en\/greater-montreal-real-estate-market-report-and-trends\/customized-market-report","og_site_name":"Emmanuel Paquin","article_publisher":"https:\/\/www.facebook.com\/emmanuelpaquinremax\/","article_modified_time":"2021-12-20T15:23:32+00:00","twitter_card":"summary_large_image","twitter_site":"@toitetvous","twitter_misc":{"Est. reading time":"1 minute"},"schema":{"@context":"https:\/\/schema.org","@graph":[{"@type":"Organization","@id":"https:\/\/emmanuelpaquin.com\/#organization","name":"Emmanuel Paquin - Courtier Immobilier","url":"https:\/\/emmanuelpaquin.com\/","sameAs":["https:\/\/www.facebook.com\/emmanuelpaquinremax\/","https:\/\/www.instagram.com\/emmanuelpaquin\/","https:\/\/www.linkedin.com\/in\/emmanuel-paquin-9885b17\/?originalSubdomain=ca","https:\/\/www.youtube.com\/channel\/UCXgkkXLm9E6LbLtaN_cmS5w","https:\/\/www.pinterest.ca\/toitetvous\/_saved\/","https:\/\/twitter.com\/toitetvous"],"logo":{"@type":"ImageObject","@id":"https:\/\/emmanuelpaquin.com\/#logo","inLanguage":"en-CA","url":"https:\/\/emmanuelpaquin.com\/wp-content\/uploads\/2021\/08\/emmanuel-sm3.jpg","contentUrl":"https:\/\/emmanuelpaquin.com\/wp-content\/uploads\/2021\/08\/emmanuel-sm3.jpg","width":1000,"height":660,"caption":"Emmanuel Paquin - Courtier Immobilier"},"image":{"@id":"https:\/\/emmanuelpaquin.com\/#logo"}},{"@type":"WebSite","@id":"https:\/\/emmanuelpaquin.com\/#website","url":"https:\/\/emmanuelpaquin.com\/","name":"Emmanuel Paquin","description":"Ax\u00e9 sur le client. Motiv\u00e9 par les r\u00e9sultats.","publisher":{"@id":"https:\/\/emmanuelpaquin.com\/#organization"},"potentialAction":[{"@type":"SearchAction","target":{"@type":"EntryPoint","urlTemplate":"https:\/\/emmanuelpaquin.com\/?s={search_term_string}"},"query-input":"required name=search_term_string"}],"inLanguage":"en-CA"},{"@type":"WebPage","@id":"https:\/\/emmanuelpaquin.com\/en\/greater-montreal-real-estate-market-report-and-trends\/customized-market-report#webpage","url":"https:\/\/emmanuelpaquin.com\/en\/greater-montreal-real-estate-market-report-and-trends\/customized-market-report","name":"Customized market report | Emmanuel Paquin","isPartOf":{"@id":"https:\/\/emmanuelpaquin.com\/#website"},"datePublished":"2021-10-29T19:56:51+00:00","dateModified":"2021-12-20T15:23:32+00:00","breadcrumb":{"@id":"https:\/\/emmanuelpaquin.com\/en\/greater-montreal-real-estate-market-report-and-trends\/customized-market-report#breadcrumb"},"inLanguage":"en-CA","potentialAction":[{"@type":"ReadAction","target":["https:\/\/emmanuelpaquin.com\/en\/greater-montreal-real-estate-market-report-and-trends\/customized-market-report"]}]},{"@type":"BreadcrumbList","@id":"https:\/\/emmanuelpaquin.com\/en\/greater-montreal-real-estate-market-report-and-trends\/customized-market-report#breadcrumb","itemListElement":[{"@type":"ListItem","position":1,"name":"Home","item":"https:\/\/emmanuelpaquin.com\/en\/home"},{"@type":"ListItem","position":2,"name":"Greater Montreal Real Estate Market Report and Trends","item":"https:\/\/emmanuelpaquin.com\/en\/greater-montreal-real-estate-market-report-and-trends"},{"@type":"ListItem","position":3,"name":"Customized market report"}]}]}},"_links":{"self":[{"href":"https:\/\/emmanuelpaquin.com\/en\/wp-json\/wp\/v2\/pages\/13088"}],"collection":[{"href":"https:\/\/emmanuelpaquin.com\/en\/wp-json\/wp\/v2\/pages"}],"about":[{"href":"https:\/\/emmanuelpaquin.com\/en\/wp-json\/wp\/v2\/types\/page"}],"author":[{"embeddable":true,"href":"https:\/\/emmanuelpaquin.com\/en\/wp-json\/wp\/v2\/users\/2"}],"replies":[{"embeddable":true,"href":"https:\/\/emmanuelpaquin.com\/en\/wp-json\/wp\/v2\/comments?post=13088"}],"version-history":[{"count":13,"href":"https:\/\/emmanuelpaquin.com\/en\/wp-json\/wp\/v2\/pages\/13088\/revisions"}],"predecessor-version":[{"id":14605,"href":"https:\/\/emmanuelpaquin.com\/en\/wp-json\/wp\/v2\/pages\/13088\/revisions\/14605"}],"up":[{"embeddable":true,"href":"https:\/\/emmanuelpaquin.com\/en\/wp-json\/wp\/v2\/pages\/12950"}],"wp:attachment":[{"href":"https:\/\/emmanuelpaquin.com\/en\/wp-json\/wp\/v2\/media?parent=13088"}],"curies":[{"name":"wp","href":"https:\/\/api.w.org\/{rel}","templated":true}]}}