{"id":12950,"date":"2021-10-27T15:29:42","date_gmt":"2021-10-27T19:29:42","guid":{"rendered":"https:\/\/emmanuelpaquin.com\/greater-montreal-real-estate-market-report-and-trends"},"modified":"2022-04-17T10:59:45","modified_gmt":"2022-04-17T14:59:45","slug":"greater-montreal-real-estate-market-report-and-trends","status":"publish","type":"page","link":"https:\/\/emmanuelpaquin.com\/en\/greater-montreal-real-estate-market-report-and-trends","title":{"rendered":"Greater Montreal Real Estate Market Report and Trends"},"content":{"rendered":"<p>[vc_section][vc_row][vc_column][\/vc_column][\/vc_row][vc_row][vc_column][vc_empty_space][vc_column_text]<\/p>\n<p style=\"text-align: center\">Would you like to know the selling price of your neighbor&#8217;s property?<span class=\"Apple-converted-space\"> <\/span><\/p>\n<p style=\"text-align: center\">You would like to have an idea of the market trend in your sector, because you were thinking of selling?<span class=\"Apple-converted-space\"> <\/span><\/p>\n<p style=\"text-align: center\">Looking to identify where you&#8217;re most likely to find the property that fits your budget?<\/p>\n<p style=\"text-align: center\">Would you like to know where your next investment would be most profitable?<\/p>\n<p style=\"text-align: center\">While <strong> the advice and knowledge of a real estate broker <\/strong> are very useful, even <strong>necessary <\/strong>,when selling or looking for a property and we would be happy to help you identify your needs, criteria and objectives, we offer you below a window on the general trends of the different sectors of the Greater Montreal Area.<span class=\"Apple-converted-space\"> <\/span><\/p>\n<p style=\"text-align: center\">These reports are updated monthly and cover the three main property types: condominiums, single-family homes and income properties.<\/p>\n<p style=\"text-align: center\">We hope you enjoy this tool and look forward to discussing it with you and helping you with your future projects.<\/p>\n<p>[\/vc_column_text][vc_column_text]<\/p>\n<p style=\"text-align: center\">To find out the market value of your property, to receive more specific reports or to be the first to know about new properties on the market; we invite you to consult these links.<\/p>\n<p>[\/vc_column_text][\/vc_column][\/vc_row][vc_row][vc_column width=&#8221;1\/3&#8243;][vc_btn title=&#8221;HOW MUCH IS MY PROPERTY WORTH?&#8221; style=&#8221;custom&#8221; custom_background=&#8221;#1e355e&#8221; custom_text=&#8221;#ffffff&#8221; shape=&#8221;square&#8221; align=&#8221;center&#8221; i_icon_fontawesome=&#8221;fas fa-dollar-sign&#8221; button_block=&#8221;true&#8221; add_icon=&#8221;true&#8221; link=&#8221;url:https%3A%2F%2Femmanuelpaquin.com%2Fen%2Frequest-for-assessment|title:Request%20for%20Assessment|&#8221;][\/vc_column][vc_column width=&#8221;1\/3&#8243;][vc_btn title=&#8221;RECEIVE A CUSTOMIZED REPORT&#8221; style=&#8221;custom&#8221; custom_background=&#8221;#1e355e&#8221; custom_text=&#8221;#ffffff&#8221; shape=&#8221;square&#8221; align=&#8221;center&#8221; i_icon_fontawesome=&#8221;fas fa-broadcast-tower&#8221; button_block=&#8221;true&#8221; add_icon=&#8221;true&#8221; link=&#8221;url:https%3A%2F%2Femmanuelpaquin.com%2Fen%2Fgreater-montreal-real-estate-market-report-and-trends%2Fcustomized-market-report|title:Personalized%20report|&#8221;][\/vc_column][vc_column width=&#8221;1\/3&#8243;][vc_btn title=&#8221;MARKET ALERT&#8221; style=&#8221;custom&#8221; custom_background=&#8221;#1e355e&#8221; custom_text=&#8221;#ffffff&#8221; shape=&#8221;square&#8221; align=&#8221;center&#8221; i_icon_fontawesome=&#8221;far fa-bell&#8221; button_block=&#8221;true&#8221; add_icon=&#8221;true&#8221; link=&#8221;url:https%3A%2F%2Femmanuelpaquin.com%2Fen%2Fproperty-search|title:Property%20search|&#8221;][\/vc_column][\/vc_row][\/vc_section][vc_row css=&#8221;.vc_custom_1620873492925{padding-top: 90px !important;}&#8221;][vc_column width=&#8221;2\/3&#8243;][vc_row_inner el_class=&#8221;services&#8221;][vc_column_inner width=&#8221;1\/2&#8243;][vc_column_text css=&#8221;.vc_custom_1636523534463{margin-bottom: 0px !important;}&#8221;]<\/p>\n<h6>\u2193 Select the information you want to see.<\/h6>\n<p>[\/vc_column_text][\/vc_column_inner][vc_column_inner width=&#8221;1\/2&#8243;][vc_column_text css=&#8221;.vc_custom_1636523546905{margin-bottom: 0px !important;}&#8221;]<\/p>\n<h6 style=\"text-align: right\">Share or expand this map.\u2193<\/h6>\n<p>[\/vc_column_text][\/vc_column_inner][\/vc_row_inner][vc_gmaps link=&#8221;#E-8_JTNDaWZyYW1lJTIwc3JjJTNEJTIyaHR0cHMlM0ElMkYlMkZ3d3cuZ29vZ2xlLmNvbSUyRm1hcHMlMkZkJTJGdSUyRjAlMkZlbWJlZCUzRm1pZCUzRDFNdXhvUDFwbGNWRXVKZ3dQS3hzaFBYSkFhdUMyYlBMZCUyMiUyMHdpZHRoJTNEJTIyMTAwJTI1JTIyJTIwaGVpZ2h0JTNEJTIyNzAwJTIyJTNFJTNDJTJGaWZyYW1lJTNF&#8221; css_animation=&#8221;fadeIn&#8221; el_id=&#8221;rpcarte&#8221;][vc_column_text]<\/p>\n<h6 style=\"text-align: right\">Source: APCIQ through the Centris system and &#8220;Prospects&#8221; market report<\/h6>\n<p>[\/vc_column_text][\/vc_column][vc_column width=&#8221;1\/3&#8243;][vc_empty_space][vc_column_text css=&#8221;.vc_custom_1636523557313{margin-bottom: 0px !important;}&#8221;]<\/p>\n<h6>Select the sector for which you want information.<\/h6>\n<p>[\/vc_column_text][vc_tta_accordion shape=&#8221;square&#8221; c_icon=&#8221;chevron&#8221; active_section=&#8221;&#8221; collapsible_all=&#8221;true&#8221; title=&#8221;Real Estate Market Report and Trends&#8221;][vc_tta_section title=&#8221;Island of Montreal&#8221; tab_id=&#8221;1634735130638-b541b120-bb47&#8243;][vc_wp_custommenu nav_menu=&#8221;153&#8243; el_id=&#8221;rapportiledemontreal&#8221;][\/vc_tta_section][vc_tta_section title=&#8221;Laval&#8221; tab_id=&#8221;1634735154812-da43df00-1037&#8243;][vc_wp_custommenu nav_menu=&#8221;154&#8243; el_id=&#8221;menulaval&#8221;][\/vc_tta_section][vc_tta_section title=&#8221;West Shore&#8221; tab_id=&#8221;1634735145125-35872e4d-c69b&#8221;][vc_wp_custommenu nav_menu=&#8221;155&#8243;][\/vc_tta_section][vc_tta_section title=&#8221;North Shore&#8221; tab_id=&#8221;1634735143484-b356e139-cbd8&#8243;][vc_wp_custommenu nav_menu=&#8221;156&#8243; el_id=&#8221;menurivenord&#8221;][\/vc_tta_section][vc_tta_section title=&#8221;South Shore&#8221; tab_id=&#8221;1634740730171-b1d9c1f9-e66b&#8221;][vc_wp_custommenu nav_menu=&#8221;157&#8243;][\/vc_tta_section][\/vc_tta_accordion][\/vc_column][\/vc_row]<\/p>\n","protected":false},"excerpt":{"rendered":"<p>[vc_section][vc_row][vc_column][\/vc_column][\/vc_row][vc_row][vc_column][vc_empty_space][vc_column_text] Would you like to know the selling price of your neighbor&#8217;s property? You would like to have an idea of the market trend in your sector, because you were thinking of selling? Looking to identify where you&#8217;re most likely to find the property that fits your budget? Would you like to know where your [&hellip;]<\/p>\n","protected":false},"author":2,"featured_media":0,"parent":0,"menu_order":0,"comment_status":"closed","ping_status":"closed","template":"template\/template-page.php","meta":{"content-type":""},"acf":[],"yoast_head":"<!-- This site is optimized with the Yoast SEO plugin v17.9 - https:\/\/yoast.com\/wordpress\/plugins\/seo\/ -->\n<title>Tendance du march\u00e9 immobilier du Grand Montr\u00e9al | Emmanuel Paquin<\/title>\n<meta name=\"description\" content=\"Find out how much your home will sell for and the average time to sell with the Greater Montreal Real Estate Market Trend Reports\" \/>\n<meta name=\"robots\" content=\"index, follow, max-snippet:-1, max-image-preview:large, max-video-preview:-1\" \/>\n<link rel=\"canonical\" href=\"https:\/\/emmanuelpaquin.com\/en\/greater-montreal-real-estate-market-report-and-trends\" \/>\n<meta property=\"og:locale\" content=\"en_US\" \/>\n<meta property=\"og:type\" content=\"article\" \/>\n<meta property=\"og:title\" content=\"Greater Montreal Real Estate Trends | Emmanuel Paquin\" \/>\n<meta property=\"og:description\" content=\"Find out the value of your home and the average time to sell with the Greater Montreal Real Estate Market Trend Reports.\" \/>\n<meta property=\"og:url\" content=\"https:\/\/emmanuelpaquin.com\/en\/greater-montreal-real-estate-market-report-and-trends\" \/>\n<meta property=\"og:site_name\" content=\"Emmanuel Paquin\" \/>\n<meta property=\"article:publisher\" content=\"https:\/\/www.facebook.com\/emmanuelpaquinremax\/\" \/>\n<meta property=\"article:modified_time\" content=\"2022-04-17T14:59:45+00:00\" \/>\n<meta property=\"og:image\" content=\"https:\/\/emmanuelpaquin.com\/wp-content\/uploads\/2021\/12\/iStock-589448610-scaled.jpg\" \/>\n\t<meta property=\"og:image:width\" content=\"2048\" \/>\n\t<meta property=\"og:image:height\" content=\"1363\" \/>\n\t<meta property=\"og:image:type\" content=\"image\/jpeg\" \/>\n<meta name=\"twitter:card\" content=\"summary_large_image\" \/>\n<meta name=\"twitter:title\" content=\"Tendance du march\u00e9 immobilier du Grand Montr\u00e9al | Emmanuel Paquin\" \/>\n<meta name=\"twitter:description\" content=\"Find out the value of your home and the average time to sell with the Greater Montreal Real Estate Market Trend Reports.\" \/>\n<meta name=\"twitter:image\" content=\"https:\/\/emmanuelpaquin.com\/wp-content\/uploads\/2021\/12\/iStock-589448610-scaled.jpg\" \/>\n<meta name=\"twitter:site\" content=\"@toitetvous\" \/>\n<meta name=\"twitter:label1\" content=\"Est. reading time\" \/>\n\t<meta name=\"twitter:data1\" content=\"3 minutes\" \/>\n<script type=\"application\/ld+json\" class=\"yoast-schema-graph\">{\"@context\":\"https:\/\/schema.org\",\"@graph\":[{\"@type\":\"Organization\",\"@id\":\"https:\/\/emmanuelpaquin.com\/#organization\",\"name\":\"Emmanuel Paquin - Courtier Immobilier\",\"url\":\"https:\/\/emmanuelpaquin.com\/\",\"sameAs\":[\"https:\/\/www.facebook.com\/emmanuelpaquinremax\/\",\"https:\/\/www.instagram.com\/emmanuelpaquin\/\",\"https:\/\/www.linkedin.com\/in\/emmanuel-paquin-9885b17\/?originalSubdomain=ca\",\"https:\/\/www.youtube.com\/channel\/UCXgkkXLm9E6LbLtaN_cmS5w\",\"https:\/\/www.pinterest.ca\/toitetvous\/_saved\/\",\"https:\/\/twitter.com\/toitetvous\"],\"logo\":{\"@type\":\"ImageObject\",\"@id\":\"https:\/\/emmanuelpaquin.com\/#logo\",\"inLanguage\":\"en-CA\",\"url\":\"https:\/\/emmanuelpaquin.com\/wp-content\/uploads\/2021\/08\/emmanuel-sm3.jpg\",\"contentUrl\":\"https:\/\/emmanuelpaquin.com\/wp-content\/uploads\/2021\/08\/emmanuel-sm3.jpg\",\"width\":1000,\"height\":660,\"caption\":\"Emmanuel Paquin - Courtier Immobilier\"},\"image\":{\"@id\":\"https:\/\/emmanuelpaquin.com\/#logo\"}},{\"@type\":\"WebSite\",\"@id\":\"https:\/\/emmanuelpaquin.com\/#website\",\"url\":\"https:\/\/emmanuelpaquin.com\/\",\"name\":\"Emmanuel Paquin\",\"description\":\"Ax\\u00e9 sur le client. Motiv\\u00e9 par les r\\u00e9sultats.\",\"publisher\":{\"@id\":\"https:\/\/emmanuelpaquin.com\/#organization\"},\"potentialAction\":[{\"@type\":\"SearchAction\",\"target\":{\"@type\":\"EntryPoint\",\"urlTemplate\":\"https:\/\/emmanuelpaquin.com\/?s={search_term_string}\"},\"query-input\":\"required name=search_term_string\"}],\"inLanguage\":\"en-CA\"},{\"@type\":\"ImageObject\",\"@id\":\"https:\/\/emmanuelpaquin.com\/en\/greater-montreal-real-estate-market-report-and-trends#primaryimage\",\"inLanguage\":\"en-CA\",\"url\":\"https:\/\/emmanuelpaquin.com\/wp-content\/uploads\/2021\/12\/iStock-589448610-scaled.jpg\",\"contentUrl\":\"https:\/\/emmanuelpaquin.com\/wp-content\/uploads\/2021\/12\/iStock-589448610-scaled.jpg\",\"width\":2048,\"height\":1363,\"caption\":\"Couple using a digital tablet. They are sitting on a sofa with a modern kitchen behind them. They are attractive, smiling and happy.\"},{\"@type\":\"WebPage\",\"@id\":\"https:\/\/emmanuelpaquin.com\/en\/greater-montreal-real-estate-market-report-and-trends#webpage\",\"url\":\"https:\/\/emmanuelpaquin.com\/en\/greater-montreal-real-estate-market-report-and-trends\",\"name\":\"Tendance du march\\u00e9 immobilier du Grand Montr\\u00e9al | Emmanuel Paquin\",\"isPartOf\":{\"@id\":\"https:\/\/emmanuelpaquin.com\/#website\"},\"datePublished\":\"2021-10-27T19:29:42+00:00\",\"dateModified\":\"2022-04-17T14:59:45+00:00\",\"description\":\"Find out how much your home will sell for and the average time to sell with the Greater Montreal Real Estate Market Trend Reports\",\"breadcrumb\":{\"@id\":\"https:\/\/emmanuelpaquin.com\/en\/greater-montreal-real-estate-market-report-and-trends#breadcrumb\"},\"inLanguage\":\"en-CA\",\"potentialAction\":[{\"@type\":\"ReadAction\",\"target\":[\"https:\/\/emmanuelpaquin.com\/en\/greater-montreal-real-estate-market-report-and-trends\"]}]},{\"@type\":\"BreadcrumbList\",\"@id\":\"https:\/\/emmanuelpaquin.com\/en\/greater-montreal-real-estate-market-report-and-trends#breadcrumb\",\"itemListElement\":[{\"@type\":\"ListItem\",\"position\":1,\"name\":\"Home\",\"item\":\"https:\/\/emmanuelpaquin.com\/en\/home\"},{\"@type\":\"ListItem\",\"position\":2,\"name\":\"Greater Montreal Real Estate Market Report and Trends\"}]}]}<\/script>\n<!-- \/ Yoast SEO plugin. -->","yoast_head_json":{"title":"Tendance du march\u00e9 immobilier du Grand Montr\u00e9al | Emmanuel Paquin","description":"Find out how much your home will sell for and the average time to sell with the Greater Montreal Real Estate Market Trend Reports","robots":{"index":"index","follow":"follow","max-snippet":"max-snippet:-1","max-image-preview":"max-image-preview:large","max-video-preview":"max-video-preview:-1"},"canonical":"https:\/\/emmanuelpaquin.com\/en\/greater-montreal-real-estate-market-report-and-trends","og_locale":"en_US","og_type":"article","og_title":"Greater Montreal Real Estate Trends | Emmanuel Paquin","og_description":"Find out the value of your home and the average time to sell with the Greater Montreal Real Estate Market Trend Reports.","og_url":"https:\/\/emmanuelpaquin.com\/en\/greater-montreal-real-estate-market-report-and-trends","og_site_name":"Emmanuel Paquin","article_publisher":"https:\/\/www.facebook.com\/emmanuelpaquinremax\/","article_modified_time":"2022-04-17T14:59:45+00:00","og_image":[{"width":2048,"height":1363,"url":"https:\/\/emmanuelpaquin.com\/wp-content\/uploads\/2021\/12\/iStock-589448610-scaled.jpg","type":"image\/jpeg"}],"twitter_card":"summary_large_image","twitter_title":"Tendance du march\u00e9 immobilier du Grand Montr\u00e9al | Emmanuel Paquin","twitter_description":"Find out the value of your home and the average time to sell with the Greater Montreal Real Estate Market Trend Reports.","twitter_image":"https:\/\/emmanuelpaquin.com\/wp-content\/uploads\/2021\/12\/iStock-589448610-scaled.jpg","twitter_site":"@toitetvous","twitter_misc":{"Est. reading time":"3 minutes"},"schema":{"@context":"https:\/\/schema.org","@graph":[{"@type":"Organization","@id":"https:\/\/emmanuelpaquin.com\/#organization","name":"Emmanuel Paquin - Courtier Immobilier","url":"https:\/\/emmanuelpaquin.com\/","sameAs":["https:\/\/www.facebook.com\/emmanuelpaquinremax\/","https:\/\/www.instagram.com\/emmanuelpaquin\/","https:\/\/www.linkedin.com\/in\/emmanuel-paquin-9885b17\/?originalSubdomain=ca","https:\/\/www.youtube.com\/channel\/UCXgkkXLm9E6LbLtaN_cmS5w","https:\/\/www.pinterest.ca\/toitetvous\/_saved\/","https:\/\/twitter.com\/toitetvous"],"logo":{"@type":"ImageObject","@id":"https:\/\/emmanuelpaquin.com\/#logo","inLanguage":"en-CA","url":"https:\/\/emmanuelpaquin.com\/wp-content\/uploads\/2021\/08\/emmanuel-sm3.jpg","contentUrl":"https:\/\/emmanuelpaquin.com\/wp-content\/uploads\/2021\/08\/emmanuel-sm3.jpg","width":1000,"height":660,"caption":"Emmanuel Paquin - Courtier Immobilier"},"image":{"@id":"https:\/\/emmanuelpaquin.com\/#logo"}},{"@type":"WebSite","@id":"https:\/\/emmanuelpaquin.com\/#website","url":"https:\/\/emmanuelpaquin.com\/","name":"Emmanuel Paquin","description":"Ax\u00e9 sur le client. Motiv\u00e9 par les r\u00e9sultats.","publisher":{"@id":"https:\/\/emmanuelpaquin.com\/#organization"},"potentialAction":[{"@type":"SearchAction","target":{"@type":"EntryPoint","urlTemplate":"https:\/\/emmanuelpaquin.com\/?s={search_term_string}"},"query-input":"required name=search_term_string"}],"inLanguage":"en-CA"},{"@type":"ImageObject","@id":"https:\/\/emmanuelpaquin.com\/en\/greater-montreal-real-estate-market-report-and-trends#primaryimage","inLanguage":"en-CA","url":"https:\/\/emmanuelpaquin.com\/wp-content\/uploads\/2021\/12\/iStock-589448610-scaled.jpg","contentUrl":"https:\/\/emmanuelpaquin.com\/wp-content\/uploads\/2021\/12\/iStock-589448610-scaled.jpg","width":2048,"height":1363,"caption":"Couple using a digital tablet. They are sitting on a sofa with a modern kitchen behind them. They are attractive, smiling and happy."},{"@type":"WebPage","@id":"https:\/\/emmanuelpaquin.com\/en\/greater-montreal-real-estate-market-report-and-trends#webpage","url":"https:\/\/emmanuelpaquin.com\/en\/greater-montreal-real-estate-market-report-and-trends","name":"Tendance du march\u00e9 immobilier du Grand Montr\u00e9al | Emmanuel Paquin","isPartOf":{"@id":"https:\/\/emmanuelpaquin.com\/#website"},"datePublished":"2021-10-27T19:29:42+00:00","dateModified":"2022-04-17T14:59:45+00:00","description":"Find out how much your home will sell for and the average time to sell with the Greater Montreal Real Estate Market Trend Reports","breadcrumb":{"@id":"https:\/\/emmanuelpaquin.com\/en\/greater-montreal-real-estate-market-report-and-trends#breadcrumb"},"inLanguage":"en-CA","potentialAction":[{"@type":"ReadAction","target":["https:\/\/emmanuelpaquin.com\/en\/greater-montreal-real-estate-market-report-and-trends"]}]},{"@type":"BreadcrumbList","@id":"https:\/\/emmanuelpaquin.com\/en\/greater-montreal-real-estate-market-report-and-trends#breadcrumb","itemListElement":[{"@type":"ListItem","position":1,"name":"Home","item":"https:\/\/emmanuelpaquin.com\/en\/home"},{"@type":"ListItem","position":2,"name":"Greater Montreal Real Estate Market Report and Trends"}]}]}},"_links":{"self":[{"href":"https:\/\/emmanuelpaquin.com\/en\/wp-json\/wp\/v2\/pages\/12950"}],"collection":[{"href":"https:\/\/emmanuelpaquin.com\/en\/wp-json\/wp\/v2\/pages"}],"about":[{"href":"https:\/\/emmanuelpaquin.com\/en\/wp-json\/wp\/v2\/types\/page"}],"author":[{"embeddable":true,"href":"https:\/\/emmanuelpaquin.com\/en\/wp-json\/wp\/v2\/users\/2"}],"replies":[{"embeddable":true,"href":"https:\/\/emmanuelpaquin.com\/en\/wp-json\/wp\/v2\/comments?post=12950"}],"version-history":[{"count":6,"href":"https:\/\/emmanuelpaquin.com\/en\/wp-json\/wp\/v2\/pages\/12950\/revisions"}],"predecessor-version":[{"id":16118,"href":"https:\/\/emmanuelpaquin.com\/en\/wp-json\/wp\/v2\/pages\/12950\/revisions\/16118"}],"wp:attachment":[{"href":"https:\/\/emmanuelpaquin.com\/en\/wp-json\/wp\/v2\/media?parent=12950"}],"curies":[{"name":"wp","href":"https:\/\/api.w.org\/{rel}","templated":true}]}}