{"id":12939,"date":"2021-10-27T15:08:28","date_gmt":"2021-10-27T19:08:28","guid":{"rendered":"https:\/\/emmanuelpaquin.com\/sellers-guide"},"modified":"2021-10-27T15:08:28","modified_gmt":"2021-10-27T19:08:28","slug":"sellers-guide","status":"publish","type":"page","link":"https:\/\/emmanuelpaquin.com\/en\/sellers-guide","title":{"rendered":"Seller&#8217;s Guide"},"content":{"rendered":"<p>[vc_section full_width=&#8221;stretch_row&#8221; parallax=&#8221;content-moving&#8221; parallax_image=&#8221;8730&#8243; parallax_speed_bg=&#8221;2&#8243; css=&#8221;.vc_custom_1601513681418{padding-top: 120px !important;padding-bottom: 120px !important;}&#8221;][vc_row][vc_column][vc_column_text el_class=&#8221;blur&#8221;]<\/p>\n<h1 style=\"text-align: center;\"><span style=\"color: #ffffff;\">Seller&#8217;s Guide<\/span><\/h1>\n<p style=\"text-align: center; color: #fff;\"><strong>Important information about selling a property<\/strong><\/p>\n<p>[\/vc_column_text][\/vc_column][\/vc_row][\/vc_section][vc_section][vc_row gap=&#8221;30&#8243; css=&#8221;.vc_custom_1588952377919{padding-top: 90px !important;}&#8221;][vc_column width=&#8221;2\/3&#8243;][vc_column_text]<\/p>\n<h2>SELL YOUR HOUSE WITH FULL KNOWLEDGE OF CAUSE<\/h2>\n<p>&nbsp;<\/p>\n<p>The Organisme d&#8217;autor\u00e9glementation du courtage immobilier du Qu\u00e9bec (OACIQ) has designed this guide to assist you throughout your efforts to sell a property.<\/p>\n<p>There you will find the main steps to take before and during the sale of your home, as well as many practical tips that will help you make your real estate transaction hassle-free.<\/p>\n<p>This guide is intended as a practical memory aid. However, it does not replace the advice of a broker or an agency working in the real estate or mortgage field. Its content applies only to the sale of a residential building. Certain concepts specific to buildings held in divided co-ownership or in joint ownership are specified in places, but this content is not exhaustive.[\/vc_column_text][vc_btn title=&#8221;CONSULT THE SELLER&#8217;S GUIDE&#8221; style=&#8221;custom&#8221; custom_background=&#8221;#153057&#8243; custom_text=&#8221;#ffffff&#8221; shape=&#8221;square&#8221; align=&#8221;left&#8221; link=&#8221;url:https%3A%2F%2Fwww.oaciq.com%2Ffr%2Fguide-vendeur|target:%20_blank|&#8221; css=&#8221;.vc_custom_1601513145853{margin-top: 20px !important;}&#8221;][\/vc_column][vc_column width=&#8221;1\/3&#8243; css=&#8221;.vc_custom_1588954967329{border-top-width: 1px !important;border-right-width: 1px !important;border-bottom-width: 1px !important;border-left-width: 1px !important;border-left-color: #e6e6e6 !important;border-left-style: solid !important;border-right-color: #e6e6e6 !important;border-right-style: solid !important;border-top-color: #e6e6e6 !important;border-top-style: solid !important;border-bottom-color: #e6e6e6 !important;border-bottom-style: solid !important;}&#8221; el_class=&#8221;outilPratique&#8221;][vc_column_text css=&#8221;.vc_custom_1588954528948{border-bottom-width: 0px !important;border-bottom-color: #000000 !important;border-bottom-style: solid !important;}&#8221;]<\/p>\n<h2 style=\"text-align: center;\">Useful tools<\/h2>\n<p>[\/vc_column_text][vc_wp_custommenu nav_menu=&#8221;47&#8243; el_class=&#8221;outilMenu&#8221;][\/vc_column][\/vc_row][\/vc_section]<\/p>\n","protected":false},"excerpt":{"rendered":"<p>[vc_section full_width=&#8221;stretch_row&#8221; parallax=&#8221;content-moving&#8221; parallax_image=&#8221;8730&#8243; parallax_speed_bg=&#8221;2&#8243; css=&#8221;.vc_custom_1601513681418{padding-top: 120px !important;padding-bottom: 120px !important;}&#8221;][vc_row][vc_column][vc_column_text el_class=&#8221;blur&#8221;] Seller&#8217;s Guide Important information about selling a property [\/vc_column_text][\/vc_column][\/vc_row][\/vc_section][vc_section][vc_row gap=&#8221;30&#8243; css=&#8221;.vc_custom_1588952377919{padding-top: 90px !important;}&#8221;][vc_column width=&#8221;2\/3&#8243;][vc_column_text] SELL YOUR HOUSE WITH FULL KNOWLEDGE OF CAUSE &nbsp; The Organisme d&#8217;autor\u00e9glementation du courtage immobilier du Qu\u00e9bec (OACIQ) has designed this guide to assist you throughout your efforts to sell [&hellip;]<\/p>\n","protected":false},"author":1,"featured_media":0,"parent":0,"menu_order":0,"comment_status":"closed","ping_status":"closed","template":"template\/template-homepage.php","meta":{"content-type":""},"acf":[],"yoast_head":"<!-- This site is optimized with the Yoast SEO plugin v17.9 - https:\/\/yoast.com\/wordpress\/plugins\/seo\/ -->\n<title>Seller&#039;s Guide | Emmanuel Paquin<\/title>\n<meta name=\"robots\" content=\"index, follow, max-snippet:-1, max-image-preview:large, max-video-preview:-1\" \/>\n<link rel=\"canonical\" href=\"https:\/\/emmanuelpaquin.com\/en\/sellers-guide\" \/>\n<meta property=\"og:locale\" content=\"en_US\" \/>\n<meta property=\"og:type\" content=\"article\" \/>\n<meta property=\"og:title\" content=\"Seller&#039;s Guide | Emmanuel Paquin\" \/>\n<meta property=\"og:description\" content=\"[vc_section full_width=&#8221;stretch_row&#8221; parallax=&#8221;content-moving&#8221; parallax_image=&#8221;8730&#8243; parallax_speed_bg=&#8221;2&#8243; css=&#8221;.vc_custom_1601513681418{padding-top: 120px !important;padding-bottom: 120px !important;}&#8221;][vc_row][vc_column][vc_column_text el_class=&#8221;blur&#8221;] Seller&#8217;s Guide Important information about selling a property [\/vc_column_text][\/vc_column][\/vc_row][\/vc_section][vc_section][vc_row gap=&#8221;30&#8243; css=&#8221;.vc_custom_1588952377919{padding-top: 90px !important;}&#8221;][vc_column width=&#8221;2\/3&#8243;][vc_column_text] SELL YOUR HOUSE WITH FULL KNOWLEDGE OF CAUSE &nbsp; The Organisme d&#8217;autor\u00e9glementation du courtage immobilier du Qu\u00e9bec (OACIQ) has designed this guide to assist you throughout your efforts to sell [&hellip;]\" \/>\n<meta property=\"og:url\" content=\"https:\/\/emmanuelpaquin.com\/en\/sellers-guide\" \/>\n<meta property=\"og:site_name\" content=\"Emmanuel Paquin\" \/>\n<meta property=\"article:publisher\" content=\"https:\/\/www.facebook.com\/emmanuelpaquinremax\/\" \/>\n<meta name=\"twitter:card\" content=\"summary_large_image\" \/>\n<meta name=\"twitter:site\" content=\"@toitetvous\" \/>\n<meta name=\"twitter:label1\" content=\"Est. reading time\" \/>\n\t<meta name=\"twitter:data1\" content=\"2 minutes\" \/>\n<script type=\"application\/ld+json\" class=\"yoast-schema-graph\">{\"@context\":\"https:\/\/schema.org\",\"@graph\":[{\"@type\":\"Organization\",\"@id\":\"https:\/\/emmanuelpaquin.com\/#organization\",\"name\":\"Emmanuel Paquin - Courtier Immobilier\",\"url\":\"https:\/\/emmanuelpaquin.com\/\",\"sameAs\":[\"https:\/\/www.facebook.com\/emmanuelpaquinremax\/\",\"https:\/\/www.instagram.com\/emmanuelpaquin\/\",\"https:\/\/www.linkedin.com\/in\/emmanuel-paquin-9885b17\/?originalSubdomain=ca\",\"https:\/\/www.youtube.com\/channel\/UCXgkkXLm9E6LbLtaN_cmS5w\",\"https:\/\/www.pinterest.ca\/toitetvous\/_saved\/\",\"https:\/\/twitter.com\/toitetvous\"],\"logo\":{\"@type\":\"ImageObject\",\"@id\":\"https:\/\/emmanuelpaquin.com\/#logo\",\"inLanguage\":\"en-CA\",\"url\":\"https:\/\/emmanuelpaquin.com\/wp-content\/uploads\/2021\/08\/emmanuel-sm3.jpg\",\"contentUrl\":\"https:\/\/emmanuelpaquin.com\/wp-content\/uploads\/2021\/08\/emmanuel-sm3.jpg\",\"width\":1000,\"height\":660,\"caption\":\"Emmanuel Paquin - Courtier Immobilier\"},\"image\":{\"@id\":\"https:\/\/emmanuelpaquin.com\/#logo\"}},{\"@type\":\"WebSite\",\"@id\":\"https:\/\/emmanuelpaquin.com\/#website\",\"url\":\"https:\/\/emmanuelpaquin.com\/\",\"name\":\"Emmanuel Paquin\",\"description\":\"Ax\\u00e9 sur le client. Motiv\\u00e9 par les r\\u00e9sultats.\",\"publisher\":{\"@id\":\"https:\/\/emmanuelpaquin.com\/#organization\"},\"potentialAction\":[{\"@type\":\"SearchAction\",\"target\":{\"@type\":\"EntryPoint\",\"urlTemplate\":\"https:\/\/emmanuelpaquin.com\/?s={search_term_string}\"},\"query-input\":\"required name=search_term_string\"}],\"inLanguage\":\"en-CA\"},{\"@type\":\"WebPage\",\"@id\":\"https:\/\/emmanuelpaquin.com\/en\/sellers-guide#webpage\",\"url\":\"https:\/\/emmanuelpaquin.com\/en\/sellers-guide\",\"name\":\"Seller's Guide | Emmanuel Paquin\",\"isPartOf\":{\"@id\":\"https:\/\/emmanuelpaquin.com\/#website\"},\"datePublished\":\"2021-10-27T19:08:28+00:00\",\"dateModified\":\"2021-10-27T19:08:28+00:00\",\"breadcrumb\":{\"@id\":\"https:\/\/emmanuelpaquin.com\/en\/sellers-guide#breadcrumb\"},\"inLanguage\":\"en-CA\",\"potentialAction\":[{\"@type\":\"ReadAction\",\"target\":[\"https:\/\/emmanuelpaquin.com\/en\/sellers-guide\"]}]},{\"@type\":\"BreadcrumbList\",\"@id\":\"https:\/\/emmanuelpaquin.com\/en\/sellers-guide#breadcrumb\",\"itemListElement\":[{\"@type\":\"ListItem\",\"position\":1,\"name\":\"Home\",\"item\":\"https:\/\/emmanuelpaquin.com\/en\/home\"},{\"@type\":\"ListItem\",\"position\":2,\"name\":\"Seller&rsquo;s Guide\"}]}]}<\/script>\n<!-- \/ Yoast SEO plugin. -->","yoast_head_json":{"title":"Seller's Guide | Emmanuel Paquin","robots":{"index":"index","follow":"follow","max-snippet":"max-snippet:-1","max-image-preview":"max-image-preview:large","max-video-preview":"max-video-preview:-1"},"canonical":"https:\/\/emmanuelpaquin.com\/en\/sellers-guide","og_locale":"en_US","og_type":"article","og_title":"Seller's Guide | Emmanuel Paquin","og_description":"[vc_section full_width=&#8221;stretch_row&#8221; parallax=&#8221;content-moving&#8221; parallax_image=&#8221;8730&#8243; parallax_speed_bg=&#8221;2&#8243; css=&#8221;.vc_custom_1601513681418{padding-top: 120px !important;padding-bottom: 120px !important;}&#8221;][vc_row][vc_column][vc_column_text el_class=&#8221;blur&#8221;] Seller&#8217;s Guide Important information about selling a property [\/vc_column_text][\/vc_column][\/vc_row][\/vc_section][vc_section][vc_row gap=&#8221;30&#8243; css=&#8221;.vc_custom_1588952377919{padding-top: 90px !important;}&#8221;][vc_column width=&#8221;2\/3&#8243;][vc_column_text] SELL YOUR HOUSE WITH FULL KNOWLEDGE OF CAUSE &nbsp; The Organisme d&#8217;autor\u00e9glementation du courtage immobilier du Qu\u00e9bec (OACIQ) has designed this guide to assist you throughout your efforts to sell [&hellip;]","og_url":"https:\/\/emmanuelpaquin.com\/en\/sellers-guide","og_site_name":"Emmanuel Paquin","article_publisher":"https:\/\/www.facebook.com\/emmanuelpaquinremax\/","twitter_card":"summary_large_image","twitter_site":"@toitetvous","twitter_misc":{"Est. reading time":"2 minutes"},"schema":{"@context":"https:\/\/schema.org","@graph":[{"@type":"Organization","@id":"https:\/\/emmanuelpaquin.com\/#organization","name":"Emmanuel Paquin - Courtier Immobilier","url":"https:\/\/emmanuelpaquin.com\/","sameAs":["https:\/\/www.facebook.com\/emmanuelpaquinremax\/","https:\/\/www.instagram.com\/emmanuelpaquin\/","https:\/\/www.linkedin.com\/in\/emmanuel-paquin-9885b17\/?originalSubdomain=ca","https:\/\/www.youtube.com\/channel\/UCXgkkXLm9E6LbLtaN_cmS5w","https:\/\/www.pinterest.ca\/toitetvous\/_saved\/","https:\/\/twitter.com\/toitetvous"],"logo":{"@type":"ImageObject","@id":"https:\/\/emmanuelpaquin.com\/#logo","inLanguage":"en-CA","url":"https:\/\/emmanuelpaquin.com\/wp-content\/uploads\/2021\/08\/emmanuel-sm3.jpg","contentUrl":"https:\/\/emmanuelpaquin.com\/wp-content\/uploads\/2021\/08\/emmanuel-sm3.jpg","width":1000,"height":660,"caption":"Emmanuel Paquin - Courtier Immobilier"},"image":{"@id":"https:\/\/emmanuelpaquin.com\/#logo"}},{"@type":"WebSite","@id":"https:\/\/emmanuelpaquin.com\/#website","url":"https:\/\/emmanuelpaquin.com\/","name":"Emmanuel Paquin","description":"Ax\u00e9 sur le client. Motiv\u00e9 par les r\u00e9sultats.","publisher":{"@id":"https:\/\/emmanuelpaquin.com\/#organization"},"potentialAction":[{"@type":"SearchAction","target":{"@type":"EntryPoint","urlTemplate":"https:\/\/emmanuelpaquin.com\/?s={search_term_string}"},"query-input":"required name=search_term_string"}],"inLanguage":"en-CA"},{"@type":"WebPage","@id":"https:\/\/emmanuelpaquin.com\/en\/sellers-guide#webpage","url":"https:\/\/emmanuelpaquin.com\/en\/sellers-guide","name":"Seller's Guide | Emmanuel Paquin","isPartOf":{"@id":"https:\/\/emmanuelpaquin.com\/#website"},"datePublished":"2021-10-27T19:08:28+00:00","dateModified":"2021-10-27T19:08:28+00:00","breadcrumb":{"@id":"https:\/\/emmanuelpaquin.com\/en\/sellers-guide#breadcrumb"},"inLanguage":"en-CA","potentialAction":[{"@type":"ReadAction","target":["https:\/\/emmanuelpaquin.com\/en\/sellers-guide"]}]},{"@type":"BreadcrumbList","@id":"https:\/\/emmanuelpaquin.com\/en\/sellers-guide#breadcrumb","itemListElement":[{"@type":"ListItem","position":1,"name":"Home","item":"https:\/\/emmanuelpaquin.com\/en\/home"},{"@type":"ListItem","position":2,"name":"Seller&rsquo;s Guide"}]}]}},"_links":{"self":[{"href":"https:\/\/emmanuelpaquin.com\/en\/wp-json\/wp\/v2\/pages\/12939"}],"collection":[{"href":"https:\/\/emmanuelpaquin.com\/en\/wp-json\/wp\/v2\/pages"}],"about":[{"href":"https:\/\/emmanuelpaquin.com\/en\/wp-json\/wp\/v2\/types\/page"}],"author":[{"embeddable":true,"href":"https:\/\/emmanuelpaquin.com\/en\/wp-json\/wp\/v2\/users\/1"}],"replies":[{"embeddable":true,"href":"https:\/\/emmanuelpaquin.com\/en\/wp-json\/wp\/v2\/comments?post=12939"}],"version-history":[{"count":0,"href":"https:\/\/emmanuelpaquin.com\/en\/wp-json\/wp\/v2\/pages\/12939\/revisions"}],"wp:attachment":[{"href":"https:\/\/emmanuelpaquin.com\/en\/wp-json\/wp\/v2\/media?parent=12939"}],"curies":[{"name":"wp","href":"https:\/\/api.w.org\/{rel}","templated":true}]}}