{"id":12913,"date":"2021-10-27T15:00:13","date_gmt":"2021-10-27T19:00:13","guid":{"rendered":"https:\/\/emmanuelpaquin.com\/vendeurs"},"modified":"2022-09-24T22:00:18","modified_gmt":"2022-09-25T02:00:18","slug":"vendeurs","status":"publish","type":"page","link":"https:\/\/emmanuelpaquin.com\/en\/vendeurs","title":{"rendered":"Vendeurs"},"content":{"rendered":"<p>[vc_row css=&#8221;.vc_custom_1588451435246{padding-top: 50px !important;padding-bottom: 50px !important;}&#8221;][vc_column][vc_column_text css=&#8221;.vc_custom_1635340570029{margin-top: 50px !important;}&#8221;]<\/p>\n<p style=\"text-align: center;\"><span style=\"font-weight: 400; font-size: 20PX;\">Whether it\u2019s time to simplify your life because the house is too big, you need something bigger because the family is growing, a professional opportunity leads you to move quickly or your real estate portfolio needs to be optimized, we are here to help you achieve the best possible transaction with a minimum of stress.<\/span><\/p>\n<p>[\/vc_column_text][vc_btn title=&#8221;REQUEST FOR ASSESSMENT&#8221; style=&#8221;custom&#8221; custom_background=&#8221;#1e355e&#8221; custom_text=&#8221;#ffffff&#8221; shape=&#8221;square&#8221; align=&#8221;center&#8221; css_animation=&#8221;fadeInUp&#8221; link=&#8221;url:https%3A%2F%2Femmanuelpaquin.com%2Fen%2Frequest-for-assessment|title:Request%20for%20Assessment|&#8221;][\/vc_column][\/vc_row][vc_row full_width=&#8221;stretch_row&#8221; gap=&#8221;5&#8243; equal_height=&#8221;yes&#8221; content_placement=&#8221;middle&#8221; parallax=&#8221;content-moving&#8221; parallax_image=&#8221;8439&#8243; css=&#8221;.vc_custom_1588259467568{padding-top: 50px !important;padding-bottom: 50px !important;}&#8221; el_class=&#8221;blanc&#8221;][vc_column][text_with_icons style=&#8221;style_one&#8221; columns=&#8221;four_columns&#8221;][text_with_icon icon_type=&#8221;custom_icon&#8221; title=&#8221;Reachable at all times&#8221; text=&#8221;&#8221; read_more_text=&#8221;&#8221; read_more_link=&#8221;&#8221; custom_icon=&#8221;8456&#8243;][text_with_icon icon_type=&#8221;custom_icon&#8221; title=&#8221;Guidance from the beginning to the end of the transaction&#8221; text=&#8221;&#8221; read_more_text=&#8221;&#8221; read_more_link=&#8221;&#8221; custom_icon=&#8221;8449&#8243;][text_with_icon icon_type=&#8221;custom_icon&#8221; title=&#8221;Rigorous follow-up&#8221; text=&#8221;&#8221; read_more_text=&#8221;&#8221; read_more_link=&#8221;&#8221; custom_icon=&#8221;8455&#8243;][text_with_icon icon_type=&#8221;custom_icon&#8221; title=&#8221;Get the most out of your transaction&#8221; text=&#8221;&#8221; read_more_text=&#8221;&#8221; read_more_link=&#8221;&#8221; custom_icon=&#8221;8452&#8243;][\/text_with_icons][vc_column_text css=&#8221;.vc_custom_1635341029780{margin-top: 50px !important;}&#8221;]<\/p>\n<p style=\"text-align: center;\"><span style=\"color: #ffffff;\">Our main objectives<span style=\"font-weight: 400;\">are to <strong>answer you adequately and quickly,<\/strong> to work with and for you, in order to allow you <strong>to obtain<\/strong> the<\/span><strong>best price and the maximum<\/strong><span style=\"font-weight: 400;\"> <strong> of benefits from your transaction<\/strong>. Having a <strong>pro-client<\/strong>approach, it is essential for us that you have all the help and availability that you deserve in our eyes in order to live a pleasant experience, in all <strong>confidence and peace of mind<\/strong>. Success for us is defined by your satisfaction.<\/span><\/span><\/p>\n<p>[\/vc_column_text][\/vc_column][\/vc_row][vc_row css=&#8221;.vc_custom_1600699676146{margin-top: 50px !important;margin-bottom: 0px !important;padding-bottom: 0px !important;}&#8221;][vc_column width=&#8221;1\/2&#8243;][vc_column_text]<\/p>\n<h2>Our strategy<\/h2>\n<p><b>The market value<\/b><span style=\"font-weight: 400;\"> of a property will always be what buyers are willing to invest to get it. We work on the perception that the buyers will have of your property in order to conclude a beneficial and most pleasant transaction.<\/span><\/p>\n<h2 style=\"margin-top: 30px;\">Your best ally<\/h2>\n<p>We are committed to being <b>your representative, your marketing manager and your broker,<\/b> our mission is to get the maximum market value for your property. Whether it is by increasing the perceived value (photo, home staging, etc.), by giving buyers confidence during their visits or by appropriate marketing strategies in tune with your objectives.[\/vc_column_text][\/vc_column][vc_column width=&#8221;1\/2&#8243;][vc_single_image image=&#8221;12775&#8243; img_size=&#8221;full&#8221; css_animation=&#8221;slideInRight&#8221; css=&#8221;.vc_custom_1639492244980{margin-bottom: 0px !important;padding-bottom: 0px !important;}&#8221;][\/vc_column][\/vc_row][vc_section full_width=&#8221;stretch_row&#8221; parallax=&#8221;content-moving&#8221; parallax_image=&#8221;8087&#8243; parallax_speed_bg=&#8221;3&#8243; css=&#8221;.vc_custom_1588872505832{padding-top: 90px !important;padding-bottom: 90px !important;background-color: #0a0a0a !important;}&#8221;][vc_row css=&#8221;.vc_custom_1588872661470{padding-top: 30px !important;padding-right: 30px !important;padding-bottom: 30px !important;padding-left: 30px !important;background-color: #ffffff !important;}&#8221;][vc_column][vc_row_inner][vc_column_inner][vc_column_text]<\/p>\n<h2 class=\"hero-title\" style=\"text-align: center;\"><span style=\"font-size: 36px;\">What we offer to our sellers**<\/span><\/h2>\n<p>[\/vc_column_text][\/vc_column_inner][\/vc_row_inner][vc_row_inner][vc_column_inner width=&#8221;1\/2&#8243;][vc_column_text]<\/p>\n<ul>\n<li>An honest and personalized approach, focused on the client and his needs.<\/li>\n<li>A service that tends to exceed your expectations.<\/li>\n<li>The protection that a real estate broker brings you.<\/li>\n<li>Efficient work with collaborating brokers to increase our visibility and efficiency.<\/li>\n<li>A network of high-caliber partners.<\/li>\n<li>Extensive knowledge of multiple aspects of real estate; legal, financial, construction, maintenance, renovations and the condition of a property.<\/li>\n<li>A quality market analysis and evaluation of the selling price of your property, based on the market realities in your area and across the country.<\/li>\n<li>Regular updates on the market and your property.<\/li>\n<\/ul>\n<p>[\/vc_column_text][\/vc_column_inner][vc_column_inner width=&#8221;1\/2&#8243;][vc_column_text]<\/p>\n<ul>\n<li>Marketing on the most powerful real estate websites: Remax, MLS.ca, Centris.ca, &#8230;<\/li>\n<li>Marketing on the most powerful social networks: FaceBook, Twitter, Linked in, Google.<\/li>\n<li>Showcase your property on my websites and the Real Estate Blog Toit et vous.<\/li>\n<li>Visits made by your broker, to ensure the proper marketing of your property and to keep tab of the potential interest of buyers.<\/li>\n<li>Open house(s)<\/li>\n<li>High quality HDR photos in high resolution.<\/li>\n<li>Possibility of 360\u00b0 Virtual Tour.<\/li>\n<li>Guaranteed cancellation of marketing at any time.<\/li>\n<\/ul>\n<p>[\/vc_column_text][\/vc_column_inner][vc_column_inner][vc_column_text]<\/p>\n<p style=\"text-align: center;\"><span style=\"font-size: 14px;\">**: Some of these aspects may differ, depending on the agreement with the vendor and the availability of the parties. <\/span><\/p>\n<p>[\/vc_column_text][\/vc_column_inner][\/vc_row_inner][\/vc_column][\/vc_row][\/vc_section][vc_row full_width=&#8221;stretch_row&#8221; content_placement=&#8221;top&#8221; css=&#8221;.vc_custom_1588448694909{padding-top: 90px !important;padding-bottom: 90px !important;background-color: #003da5 !important;}&#8221; el_class=&#8221;degB&#8221;][vc_column][vc_text_separator title=&#8221;&#8221; i_icon_fontawesome=&#8221;fas fa-home&#8221; i_color=&#8221;white&#8221; i_background_style=&#8221;rounded-outline&#8221; i_background_color=&#8221;white&#8221; color=&#8221;white&#8221; border_width=&#8221;2&#8243; el_width=&#8221;80&#8243; add_icon=&#8221;true&#8221;][vc_column_text]<\/p>\n<h2 class=\"hero-title\" style=\"text-align: center;\"><span style=\"font-size: 36px; color: #ffffff;\">Our commitment to you<\/span><\/h2>\n<p>[\/vc_column_text][vc_column_text]<\/p>\n<p style=\"text-align: center;\"><span style=\"color: #ffffff;\"><span style=\"font-weight: 400;\">When you hire us to sell your home<\/span><span style=\"font-weight: 400;\">, y<\/span><span style=\"font-weight: 400;\">ou c<\/span><span style=\"font-weight: 400;\">a<\/span><span style=\"font-weight: 400;\">n be confident that we will work for<\/span><b>YOUR<\/b><span style=\"font-weight: 400;\"> interests. No need to<\/span><span style=\"font-weight: 400;\">worry<\/span><span style=\"font-weight: 400;\">. We have a strong<\/span><span style=\"font-weight: 400;\">o<\/span><span style=\"font-weight: 400;\">pini<\/span><span style=\"font-weight: 400;\">on <\/span><span style=\"font-weight: 400;\">on real estate service: In addition to the many hazards of a real estate transaction,<\/span> <b>the client should always be at the center <\/b><span style=\"font-weight: 400;\">of any approach and his <\/span><b>trust<\/b> <span style=\"font-weight: 400;\">and<\/span><b>peace of mind <\/b><span style=\"font-weight: 400;\">should be the priority aspects.<\/span> <\/span><\/p>\n<p style=\"text-align: center;\"><span style=\"color: #ffffff;\"><span style=\"font-weight: 400;\">We will help you <\/span><span style=\"font-weight: 400;\">throughout the process of selling your property. Thanks to our expertise and a network of high-caliber partners, you no longer have to worry about the pitfalls and complexity of your real estate transaction.<\/span><\/span><\/p>\n<p style=\"text-align: center;\"><span style=\"font-weight: 400; color: #ffffff;\">Our success is the satisfaction of having met your expectations, quickly, honestly, efficiently and simply. All this at an ideal price that fits your needs and realities.<\/span><\/p>\n<p>[\/vc_column_text][\/vc_column][\/vc_row][vc_row el_id=&#8221;request-assessment&#8221; css=&#8221;.vc_custom_1588873421909{padding-top: 90px !important;padding-bottom: 90px !important;}&#8221;][vc_column][vc_column_text]<\/p>\n<div class=\"iframeFull iframeEval\"><iframe loading=\"lazy\" src=\"https:\/\/qc.prospects.com\/prospects\/leadgrabber.do?tok=eoQ7duaYPlaC8ixWHiqcF3fmiyVZ2p5mEUMu0Rd4%2FJczB4apKlUSK9BTKbmcMw%2BS%2By4ERz6BUjTt024Nhv4uVBYq1Q9mvA%3D%3D&amp;style_url=https:\/\/emmanue4.mywhc.ca\/wp-content\/themes\/houzez-child\/form.css&amp;lang=en\" width=\"100%\" height=\"100%\"><\/iframe><\/div>\n<p>[\/vc_column_text][\/vc_column][\/vc_row]<\/p>\n","protected":false},"excerpt":{"rendered":"<p>[vc_row css=&#8221;.vc_custom_1588451435246{padding-top: 50px !important;padding-bottom: 50px !important;}&#8221;][vc_column][vc_column_text css=&#8221;.vc_custom_1635340570029{margin-top: 50px !important;}&#8221;] Whether it\u2019s time to simplify your life because the house is too big, you need something bigger because the family is growing, a professional opportunity leads you to move quickly or your real estate portfolio needs to be optimized, we are here to help you achieve [&hellip;]<\/p>\n","protected":false},"author":1,"featured_media":0,"parent":0,"menu_order":0,"comment_status":"closed","ping_status":"closed","template":"template\/template-homepage.php","meta":{"content-type":""},"acf":[],"yoast_head":"<!-- This site is optimized with the Yoast SEO plugin v17.9 - https:\/\/yoast.com\/wordpress\/plugins\/seo\/ -->\n<title>Montreal Real Estate Broker to Sell Your House | Emmanuel Paquin<\/title>\n<meta name=\"description\" content=\"Contact the RE\/MAX Emmanuel Paquin team, real estate broker in Montreal, to sell your house quickly. Contact us for an evaluation.\" \/>\n<meta name=\"robots\" content=\"index, follow, max-snippet:-1, max-image-preview:large, max-video-preview:-1\" \/>\n<link rel=\"canonical\" href=\"https:\/\/emmanuelpaquin.com\/en\/vendeurs\" \/>\n<meta property=\"og:locale\" content=\"en_US\" \/>\n<meta property=\"og:type\" content=\"article\" \/>\n<meta property=\"og:title\" content=\"Montreal Real Estate Broker to Sell Your House | Emmanuel Paquin\" \/>\n<meta property=\"og:description\" content=\"Contact the RE\/MAX Emmanuel Paquin team, real estate broker in Montreal, to sell your house quickly. Contact us for an evaluation.\" \/>\n<meta property=\"og:url\" content=\"https:\/\/emmanuelpaquin.com\/en\/vendeurs\" \/>\n<meta property=\"og:site_name\" content=\"Emmanuel Paquin\" \/>\n<meta property=\"article:publisher\" content=\"https:\/\/www.facebook.com\/emmanuelpaquinremax\/\" \/>\n<meta property=\"article:modified_time\" content=\"2022-09-25T02:00:18+00:00\" \/>\n<meta name=\"twitter:card\" content=\"summary_large_image\" \/>\n<meta name=\"twitter:site\" content=\"@toitetvous\" \/>\n<meta name=\"twitter:label1\" content=\"Est. reading time\" \/>\n\t<meta name=\"twitter:data1\" content=\"4 minutes\" \/>\n<script type=\"application\/ld+json\" class=\"yoast-schema-graph\">{\"@context\":\"https:\/\/schema.org\",\"@graph\":[{\"@type\":\"Organization\",\"@id\":\"https:\/\/emmanuelpaquin.com\/#organization\",\"name\":\"Emmanuel Paquin - Courtier Immobilier\",\"url\":\"https:\/\/emmanuelpaquin.com\/\",\"sameAs\":[\"https:\/\/www.facebook.com\/emmanuelpaquinremax\/\",\"https:\/\/www.instagram.com\/emmanuelpaquin\/\",\"https:\/\/www.linkedin.com\/in\/emmanuel-paquin-9885b17\/?originalSubdomain=ca\",\"https:\/\/www.youtube.com\/channel\/UCXgkkXLm9E6LbLtaN_cmS5w\",\"https:\/\/www.pinterest.ca\/toitetvous\/_saved\/\",\"https:\/\/twitter.com\/toitetvous\"],\"logo\":{\"@type\":\"ImageObject\",\"@id\":\"https:\/\/emmanuelpaquin.com\/#logo\",\"inLanguage\":\"en-CA\",\"url\":\"https:\/\/emmanuelpaquin.com\/wp-content\/uploads\/2021\/08\/emmanuel-sm3.jpg\",\"contentUrl\":\"https:\/\/emmanuelpaquin.com\/wp-content\/uploads\/2021\/08\/emmanuel-sm3.jpg\",\"width\":1000,\"height\":660,\"caption\":\"Emmanuel Paquin - Courtier Immobilier\"},\"image\":{\"@id\":\"https:\/\/emmanuelpaquin.com\/#logo\"}},{\"@type\":\"WebSite\",\"@id\":\"https:\/\/emmanuelpaquin.com\/#website\",\"url\":\"https:\/\/emmanuelpaquin.com\/\",\"name\":\"Emmanuel Paquin\",\"description\":\"Ax\\u00e9 sur le client. Motiv\\u00e9 par les r\\u00e9sultats.\",\"publisher\":{\"@id\":\"https:\/\/emmanuelpaquin.com\/#organization\"},\"potentialAction\":[{\"@type\":\"SearchAction\",\"target\":{\"@type\":\"EntryPoint\",\"urlTemplate\":\"https:\/\/emmanuelpaquin.com\/?s={search_term_string}\"},\"query-input\":\"required name=search_term_string\"}],\"inLanguage\":\"en-CA\"},{\"@type\":\"WebPage\",\"@id\":\"https:\/\/emmanuelpaquin.com\/en\/vendeurs#webpage\",\"url\":\"https:\/\/emmanuelpaquin.com\/en\/vendeurs\",\"name\":\"Montreal Real Estate Broker to Sell Your House | Emmanuel Paquin\",\"isPartOf\":{\"@id\":\"https:\/\/emmanuelpaquin.com\/#website\"},\"datePublished\":\"2021-10-27T19:00:13+00:00\",\"dateModified\":\"2022-09-25T02:00:18+00:00\",\"description\":\"Contact the RE\/MAX Emmanuel Paquin team, real estate broker in Montreal, to sell your house quickly. Contact us for an evaluation.\",\"breadcrumb\":{\"@id\":\"https:\/\/emmanuelpaquin.com\/en\/vendeurs#breadcrumb\"},\"inLanguage\":\"en-CA\",\"potentialAction\":[{\"@type\":\"ReadAction\",\"target\":[\"https:\/\/emmanuelpaquin.com\/en\/vendeurs\"]}]},{\"@type\":\"BreadcrumbList\",\"@id\":\"https:\/\/emmanuelpaquin.com\/en\/vendeurs#breadcrumb\",\"itemListElement\":[{\"@type\":\"ListItem\",\"position\":1,\"name\":\"Home\",\"item\":\"https:\/\/emmanuelpaquin.com\/en\/home\"},{\"@type\":\"ListItem\",\"position\":2,\"name\":\"Vendeurs\"}]}]}<\/script>\n<!-- \/ Yoast SEO plugin. -->","yoast_head_json":{"title":"Montreal Real Estate Broker to Sell Your House | Emmanuel Paquin","description":"Contact the RE\/MAX Emmanuel Paquin team, real estate broker in Montreal, to sell your house quickly. Contact us for an evaluation.","robots":{"index":"index","follow":"follow","max-snippet":"max-snippet:-1","max-image-preview":"max-image-preview:large","max-video-preview":"max-video-preview:-1"},"canonical":"https:\/\/emmanuelpaquin.com\/en\/vendeurs","og_locale":"en_US","og_type":"article","og_title":"Montreal Real Estate Broker to Sell Your House | Emmanuel Paquin","og_description":"Contact the RE\/MAX Emmanuel Paquin team, real estate broker in Montreal, to sell your house quickly. Contact us for an evaluation.","og_url":"https:\/\/emmanuelpaquin.com\/en\/vendeurs","og_site_name":"Emmanuel Paquin","article_publisher":"https:\/\/www.facebook.com\/emmanuelpaquinremax\/","article_modified_time":"2022-09-25T02:00:18+00:00","twitter_card":"summary_large_image","twitter_site":"@toitetvous","twitter_misc":{"Est. reading time":"4 minutes"},"schema":{"@context":"https:\/\/schema.org","@graph":[{"@type":"Organization","@id":"https:\/\/emmanuelpaquin.com\/#organization","name":"Emmanuel Paquin - Courtier Immobilier","url":"https:\/\/emmanuelpaquin.com\/","sameAs":["https:\/\/www.facebook.com\/emmanuelpaquinremax\/","https:\/\/www.instagram.com\/emmanuelpaquin\/","https:\/\/www.linkedin.com\/in\/emmanuel-paquin-9885b17\/?originalSubdomain=ca","https:\/\/www.youtube.com\/channel\/UCXgkkXLm9E6LbLtaN_cmS5w","https:\/\/www.pinterest.ca\/toitetvous\/_saved\/","https:\/\/twitter.com\/toitetvous"],"logo":{"@type":"ImageObject","@id":"https:\/\/emmanuelpaquin.com\/#logo","inLanguage":"en-CA","url":"https:\/\/emmanuelpaquin.com\/wp-content\/uploads\/2021\/08\/emmanuel-sm3.jpg","contentUrl":"https:\/\/emmanuelpaquin.com\/wp-content\/uploads\/2021\/08\/emmanuel-sm3.jpg","width":1000,"height":660,"caption":"Emmanuel Paquin - Courtier Immobilier"},"image":{"@id":"https:\/\/emmanuelpaquin.com\/#logo"}},{"@type":"WebSite","@id":"https:\/\/emmanuelpaquin.com\/#website","url":"https:\/\/emmanuelpaquin.com\/","name":"Emmanuel Paquin","description":"Ax\u00e9 sur le client. Motiv\u00e9 par les r\u00e9sultats.","publisher":{"@id":"https:\/\/emmanuelpaquin.com\/#organization"},"potentialAction":[{"@type":"SearchAction","target":{"@type":"EntryPoint","urlTemplate":"https:\/\/emmanuelpaquin.com\/?s={search_term_string}"},"query-input":"required name=search_term_string"}],"inLanguage":"en-CA"},{"@type":"WebPage","@id":"https:\/\/emmanuelpaquin.com\/en\/vendeurs#webpage","url":"https:\/\/emmanuelpaquin.com\/en\/vendeurs","name":"Montreal Real Estate Broker to Sell Your House | Emmanuel Paquin","isPartOf":{"@id":"https:\/\/emmanuelpaquin.com\/#website"},"datePublished":"2021-10-27T19:00:13+00:00","dateModified":"2022-09-25T02:00:18+00:00","description":"Contact the RE\/MAX Emmanuel Paquin team, real estate broker in Montreal, to sell your house quickly. Contact us for an evaluation.","breadcrumb":{"@id":"https:\/\/emmanuelpaquin.com\/en\/vendeurs#breadcrumb"},"inLanguage":"en-CA","potentialAction":[{"@type":"ReadAction","target":["https:\/\/emmanuelpaquin.com\/en\/vendeurs"]}]},{"@type":"BreadcrumbList","@id":"https:\/\/emmanuelpaquin.com\/en\/vendeurs#breadcrumb","itemListElement":[{"@type":"ListItem","position":1,"name":"Home","item":"https:\/\/emmanuelpaquin.com\/en\/home"},{"@type":"ListItem","position":2,"name":"Vendeurs"}]}]}},"_links":{"self":[{"href":"https:\/\/emmanuelpaquin.com\/en\/wp-json\/wp\/v2\/pages\/12913"}],"collection":[{"href":"https:\/\/emmanuelpaquin.com\/en\/wp-json\/wp\/v2\/pages"}],"about":[{"href":"https:\/\/emmanuelpaquin.com\/en\/wp-json\/wp\/v2\/types\/page"}],"author":[{"embeddable":true,"href":"https:\/\/emmanuelpaquin.com\/en\/wp-json\/wp\/v2\/users\/1"}],"replies":[{"embeddable":true,"href":"https:\/\/emmanuelpaquin.com\/en\/wp-json\/wp\/v2\/comments?post=12913"}],"version-history":[{"count":74,"href":"https:\/\/emmanuelpaquin.com\/en\/wp-json\/wp\/v2\/pages\/12913\/revisions"}],"predecessor-version":[{"id":18376,"href":"https:\/\/emmanuelpaquin.com\/en\/wp-json\/wp\/v2\/pages\/12913\/revisions\/18376"}],"wp:attachment":[{"href":"https:\/\/emmanuelpaquin.com\/en\/wp-json\/wp\/v2\/media?parent=12913"}],"curies":[{"name":"wp","href":"https:\/\/api.w.org\/{rel}","templated":true}]}}