{"id":12888,"date":"2021-10-27T14:18:01","date_gmt":"2021-10-27T18:18:01","guid":{"rendered":"https:\/\/emmanuelpaquin.com\/investisseurs"},"modified":"2022-09-24T11:29:35","modified_gmt":"2022-09-24T15:29:35","slug":"investisseurs","status":"publish","type":"page","link":"https:\/\/emmanuelpaquin.com\/en\/investisseurs","title":{"rendered":"Investors"},"content":{"rendered":"<p>[vc_section full_width=&#8221;stretch_row&#8221; parallax=&#8221;content-moving&#8221; parallax_image=&#8221;7995&#8243; parallax_speed_bg=&#8221;3&#8243; css=&#8221;.vc_custom_1639545296695{padding-top: 120px !important;padding-bottom: 120px !important;}&#8221;][vc_row][vc_column][vc_column_text el_class=&#8221;blur&#8221;]<\/p>\n<h1 class=\"page-title-h1\" style=\"text-align: center\"><span style=\"color: #ffffff\">Investors<\/span><\/h1>\n<p>[\/vc_column_text][\/vc_column][\/vc_row][\/vc_section][vc_section][vc_row css=&#8221;.vc_custom_1589757059394{padding-top: 90px !important;padding-bottom: 90px !important;}&#8221;][vc_column][vc_column_text]<\/p>\n<p style=\"text-align: center\"><span style=\"font-weight: 400\">Are you disappointed with your RRSP returns? You no longer have confidence in the stability of your investments? Does your pension fund seem to be losing ground instead of gaining it? Doubling your weekly working hours doesn&#8217;t seem like a viable solution?<\/span><\/p>\n<p style=\"text-align: center\"><b>No other investment tool offers as many advantages as real estate.<\/b><\/p>\n<p>[\/vc_column_text][\/vc_column][\/vc_row][vc_row full_width=&#8221;stretch_row&#8221; content_placement=&#8221;middle&#8221; parallax=&#8221;content-moving&#8221; parallax_image=&#8221;8439&#8243; css=&#8221;.vc_custom_1589756843458{padding-top: 50px !important;padding-bottom: 50px !important;}&#8221;][vc_column][vc_text_separator title=&#8221;&#8221; i_icon_fontawesome=&#8221;far fa-building&#8221; i_color=&#8221;custom&#8221; i_background_style=&#8221;rounded-outline&#8221; i_background_color=&#8221;custom&#8221; color=&#8221;custom&#8221; border_width=&#8221;2&#8243; el_width=&#8221;80&#8243; add_icon=&#8221;true&#8221; i_custom_color=&#8221;#ffffff&#8221; i_custom_background_color=&#8221;#ffffff&#8221; accent_color=&#8221;#ffffff&#8221;][vc_column_text]<\/p>\n<p style=\"text-align: center\"><span style=\"font-weight: 400;color: #ffffff\">My experience as a rental property owner, my passion for real estate trends and my knowledge in the evaluation of the profitability of buildings, will allow me to help you navigate through your first investments or even to effectively seek the next acquisitions which will come to enlarge. your real estate portfolio.<\/span><\/p>\n<p>[\/vc_column_text][\/vc_column][\/vc_row][\/vc_section][vc_row gap=&#8221;25&#8243; equal_height=&#8221;yes&#8221; content_placement=&#8221;top&#8221; css=&#8221;.vc_custom_1589757119661{padding-top: 90px !important;}&#8221;][vc_column width=&#8221;1\/6&#8243; css=&#8221;.vc_custom_1588866457922{padding-top: 30px !important;padding-right: 30px !important;padding-bottom: 30px !important;padding-left: 30px !important;}&#8221;][\/vc_column][vc_column width=&#8221;2\/3&#8243;][vc_column_text]<\/p>\n<h2 class=\"hero-title\" style=\"text-align: center\"><span style=\"font-size: 36px;color: #000000\">Investing in real estate<\/span><\/h2>\n<p style=\"text-align: center\"><span style=\"font-size: 20px;color: #000000\">It is true that real estate, like any other investment field, has its pitfalls, disadvantages and drawbacks. But here are a few reasons why real estate should be part of your wealth-building strategy.<\/span><\/p>\n<p>[\/vc_column_text][\/vc_column][vc_column width=&#8221;1\/6&#8243;][\/vc_column][\/vc_row][vc_row gap=&#8221;30&#8243; equal_height=&#8221;yes&#8221; content_placement=&#8221;middle&#8221; css=&#8221;.vc_custom_1589756209844{padding-top: 50px !important;}&#8221;][vc_column width=&#8221;1\/3&#8243;][vc_single_image image=&#8221;12895&#8243; img_size=&#8221;full&#8221; css_animation=&#8221;fadeInLeft&#8221; el_class=&#8221;blur&#8221;][\/vc_column][vc_column width=&#8221;2\/3&#8243;][vc_column_text]Housing is a primary need, so the real estate market will remain a sector where there will always be demand.[\/vc_column_text][vc_column_text]Leverage allows you to acquire assets with little, if any, of your cash. Succeeding in acquiring assets in the order of $ 500,000 with only $ 50,000 in cash. Do you know a lot of investments that allow this?[\/vc_column_text][vc_column_text]The real estate market remains relatively stable over time and it is one of the pillars of the economy. He sometimes saw drops but then climbed back up.[\/vc_column_text][vc_column_text]Flips are a potential for quick cash gain. They are the best way to make a quick living from real estate. Recall here that trade refers to the purchase of goods and services with the aim of reselling with a profit or a profit.[\/vc_column_text][\/vc_column][\/vc_row][vc_row gap=&#8221;30&#8243; equal_height=&#8221;yes&#8221; rtl_reverse=&#8221;yes&#8221; content_placement=&#8221;middle&#8221;][vc_column width=&#8221;2\/3&#8243;][vc_column_text]Real estate investing offers returns on three fronts. The long-term purchase of income properties generates monthly income through rents. Your tenants will repay the mortgage loan linked to the building and the portion of the principal repaid will be larger and larger, so the enrichment will be exponential over time. Finally, your property will increase in value over time. Although rental real estate is a long-term investment, it will allow you to increase your net worth and your cash flow, thus making you richer and achieving the financial independence of your dreams.[\/vc_column_text][vc_column_text]It is likely that your retirement funds and RRSPs will not be enough to guarantee you a retirement that meets your expectations. Investing in real estate offers the advantage of being able to enrich you, even on a part-time basis.[\/vc_column_text][\/vc_column][vc_column width=&#8221;1\/3&#8243;][vc_single_image image=&#8221;12893&#8243; img_size=&#8221;full&#8221; css_animation=&#8221;fadeInRight&#8221; el_class=&#8221;blur&#8221;][\/vc_column][\/vc_row][vc_row gap=&#8221;30&#8243; equal_height=&#8221;yes&#8221; content_placement=&#8221;middle&#8221;][vc_column width=&#8221;1\/3&#8243;][vc_single_image image=&#8221;12891&#8243; img_size=&#8221;full&#8221; css_animation=&#8221;fadeInLeft&#8221; el_class=&#8221;blur&#8221;][\/vc_column][vc_column width=&#8221;2\/3&#8243;][vc_column_text]It is possible to invest in groups and establish partnerships. In order to take your first steps, to carry out better transactions or even to increase your returns, it is possible to join forces with one or more partner (s) who will come to overcome some of your shortcomings as a real estate owner.[\/vc_column_text][vc_column_text]Real estate is exciting! Whether it&#8217;s visiting buildings, meeting people, negotiating, solving tenant problems, experiencing extraordinary transactions, building your freedom, being your own boss, following the real estate market and its trends, etc. You will most likely find something that turns you on.[\/vc_column_text][vc_column_text]You have great control over your investment. Real estate is an asset, something tangible, over which you have concrete decision-making power. Whether it&#8217;s the purchase price, location, management, customer base, rental agreement details and many other aspects.[\/vc_column_text][\/vc_column][\/vc_row]<\/p>\n","protected":false},"excerpt":{"rendered":"<p>[vc_section full_width=&#8221;stretch_row&#8221; parallax=&#8221;content-moving&#8221; parallax_image=&#8221;7995&#8243; parallax_speed_bg=&#8221;3&#8243; css=&#8221;.vc_custom_1639545296695{padding-top: 120px !important;padding-bottom: 120px !important;}&#8221;][vc_row][vc_column][vc_column_text el_class=&#8221;blur&#8221;] Investors [\/vc_column_text][\/vc_column][\/vc_row][\/vc_section][vc_section][vc_row css=&#8221;.vc_custom_1589757059394{padding-top: 90px !important;padding-bottom: 90px !important;}&#8221;][vc_column][vc_column_text] Are you disappointed with your RRSP returns? You no longer have confidence in the stability of your investments? Does your pension fund seem to be losing ground instead of gaining it? Doubling your weekly working hours doesn&#8217;t [&hellip;]<\/p>\n","protected":false},"author":1,"featured_media":0,"parent":0,"menu_order":0,"comment_status":"closed","ping_status":"closed","template":"template\/template-homepage.php","meta":{"content-type":""},"acf":[],"yoast_head":"<!-- This site is optimized with the Yoast SEO plugin v17.9 - https:\/\/yoast.com\/wordpress\/plugins\/seo\/ -->\n<title>Real estate broker for investors in Montreal | Emmanuel Paquin<\/title>\n<meta name=\"description\" content=\"Looking to invest in real estate? Contact Team Emmanuel Paquin, RE\/MAX real estate broker in Montreal.\" \/>\n<meta name=\"robots\" content=\"index, follow, max-snippet:-1, max-image-preview:large, max-video-preview:-1\" \/>\n<link rel=\"canonical\" href=\"https:\/\/emmanuelpaquin.com\/en\/investisseurs\" \/>\n<meta property=\"og:locale\" content=\"en_US\" \/>\n<meta property=\"og:type\" content=\"article\" \/>\n<meta property=\"og:title\" content=\"Real estate broker for investors in Montreal | Emmanuel Paquin\" \/>\n<meta property=\"og:description\" content=\"Looking to invest in real estate? Contact Team Emmanuel Paquin, RE\/MAX real estate broker in Montreal.\" \/>\n<meta property=\"og:url\" content=\"https:\/\/emmanuelpaquin.com\/en\/investisseurs\" \/>\n<meta property=\"og:site_name\" content=\"Emmanuel Paquin\" \/>\n<meta property=\"article:publisher\" content=\"https:\/\/www.facebook.com\/emmanuelpaquinremax\/\" \/>\n<meta property=\"article:modified_time\" content=\"2022-09-24T15:29:35+00:00\" \/>\n<meta name=\"twitter:card\" content=\"summary_large_image\" \/>\n<meta name=\"twitter:site\" content=\"@toitetvous\" \/>\n<meta name=\"twitter:label1\" content=\"Est. reading time\" \/>\n\t<meta name=\"twitter:data1\" content=\"4 minutes\" \/>\n<script type=\"application\/ld+json\" class=\"yoast-schema-graph\">{\"@context\":\"https:\/\/schema.org\",\"@graph\":[{\"@type\":\"Organization\",\"@id\":\"https:\/\/emmanuelpaquin.com\/#organization\",\"name\":\"Emmanuel Paquin - Courtier Immobilier\",\"url\":\"https:\/\/emmanuelpaquin.com\/\",\"sameAs\":[\"https:\/\/www.facebook.com\/emmanuelpaquinremax\/\",\"https:\/\/www.instagram.com\/emmanuelpaquin\/\",\"https:\/\/www.linkedin.com\/in\/emmanuel-paquin-9885b17\/?originalSubdomain=ca\",\"https:\/\/www.youtube.com\/channel\/UCXgkkXLm9E6LbLtaN_cmS5w\",\"https:\/\/www.pinterest.ca\/toitetvous\/_saved\/\",\"https:\/\/twitter.com\/toitetvous\"],\"logo\":{\"@type\":\"ImageObject\",\"@id\":\"https:\/\/emmanuelpaquin.com\/#logo\",\"inLanguage\":\"en-CA\",\"url\":\"https:\/\/emmanuelpaquin.com\/wp-content\/uploads\/2021\/08\/emmanuel-sm3.jpg\",\"contentUrl\":\"https:\/\/emmanuelpaquin.com\/wp-content\/uploads\/2021\/08\/emmanuel-sm3.jpg\",\"width\":1000,\"height\":660,\"caption\":\"Emmanuel Paquin - Courtier Immobilier\"},\"image\":{\"@id\":\"https:\/\/emmanuelpaquin.com\/#logo\"}},{\"@type\":\"WebSite\",\"@id\":\"https:\/\/emmanuelpaquin.com\/#website\",\"url\":\"https:\/\/emmanuelpaquin.com\/\",\"name\":\"Emmanuel Paquin\",\"description\":\"Ax\\u00e9 sur le client. Motiv\\u00e9 par les r\\u00e9sultats.\",\"publisher\":{\"@id\":\"https:\/\/emmanuelpaquin.com\/#organization\"},\"potentialAction\":[{\"@type\":\"SearchAction\",\"target\":{\"@type\":\"EntryPoint\",\"urlTemplate\":\"https:\/\/emmanuelpaquin.com\/?s={search_term_string}\"},\"query-input\":\"required name=search_term_string\"}],\"inLanguage\":\"en-CA\"},{\"@type\":\"WebPage\",\"@id\":\"https:\/\/emmanuelpaquin.com\/en\/investisseurs#webpage\",\"url\":\"https:\/\/emmanuelpaquin.com\/en\/investisseurs\",\"name\":\"Real estate broker for investors in Montreal | Emmanuel Paquin\",\"isPartOf\":{\"@id\":\"https:\/\/emmanuelpaquin.com\/#website\"},\"datePublished\":\"2021-10-27T18:18:01+00:00\",\"dateModified\":\"2022-09-24T15:29:35+00:00\",\"description\":\"Looking to invest in real estate? Contact Team Emmanuel Paquin, RE\/MAX real estate broker in Montreal.\",\"breadcrumb\":{\"@id\":\"https:\/\/emmanuelpaquin.com\/en\/investisseurs#breadcrumb\"},\"inLanguage\":\"en-CA\",\"potentialAction\":[{\"@type\":\"ReadAction\",\"target\":[\"https:\/\/emmanuelpaquin.com\/en\/investisseurs\"]}]},{\"@type\":\"BreadcrumbList\",\"@id\":\"https:\/\/emmanuelpaquin.com\/en\/investisseurs#breadcrumb\",\"itemListElement\":[{\"@type\":\"ListItem\",\"position\":1,\"name\":\"Home\",\"item\":\"https:\/\/emmanuelpaquin.com\/en\/home\"},{\"@type\":\"ListItem\",\"position\":2,\"name\":\"Investors\"}]}]}<\/script>\n<!-- \/ Yoast SEO plugin. -->","yoast_head_json":{"title":"Real estate broker for investors in Montreal | Emmanuel Paquin","description":"Looking to invest in real estate? Contact Team Emmanuel Paquin, RE\/MAX real estate broker in Montreal.","robots":{"index":"index","follow":"follow","max-snippet":"max-snippet:-1","max-image-preview":"max-image-preview:large","max-video-preview":"max-video-preview:-1"},"canonical":"https:\/\/emmanuelpaquin.com\/en\/investisseurs","og_locale":"en_US","og_type":"article","og_title":"Real estate broker for investors in Montreal | Emmanuel Paquin","og_description":"Looking to invest in real estate? Contact Team Emmanuel Paquin, RE\/MAX real estate broker in Montreal.","og_url":"https:\/\/emmanuelpaquin.com\/en\/investisseurs","og_site_name":"Emmanuel Paquin","article_publisher":"https:\/\/www.facebook.com\/emmanuelpaquinremax\/","article_modified_time":"2022-09-24T15:29:35+00:00","twitter_card":"summary_large_image","twitter_site":"@toitetvous","twitter_misc":{"Est. reading time":"4 minutes"},"schema":{"@context":"https:\/\/schema.org","@graph":[{"@type":"Organization","@id":"https:\/\/emmanuelpaquin.com\/#organization","name":"Emmanuel Paquin - Courtier Immobilier","url":"https:\/\/emmanuelpaquin.com\/","sameAs":["https:\/\/www.facebook.com\/emmanuelpaquinremax\/","https:\/\/www.instagram.com\/emmanuelpaquin\/","https:\/\/www.linkedin.com\/in\/emmanuel-paquin-9885b17\/?originalSubdomain=ca","https:\/\/www.youtube.com\/channel\/UCXgkkXLm9E6LbLtaN_cmS5w","https:\/\/www.pinterest.ca\/toitetvous\/_saved\/","https:\/\/twitter.com\/toitetvous"],"logo":{"@type":"ImageObject","@id":"https:\/\/emmanuelpaquin.com\/#logo","inLanguage":"en-CA","url":"https:\/\/emmanuelpaquin.com\/wp-content\/uploads\/2021\/08\/emmanuel-sm3.jpg","contentUrl":"https:\/\/emmanuelpaquin.com\/wp-content\/uploads\/2021\/08\/emmanuel-sm3.jpg","width":1000,"height":660,"caption":"Emmanuel Paquin - Courtier Immobilier"},"image":{"@id":"https:\/\/emmanuelpaquin.com\/#logo"}},{"@type":"WebSite","@id":"https:\/\/emmanuelpaquin.com\/#website","url":"https:\/\/emmanuelpaquin.com\/","name":"Emmanuel Paquin","description":"Ax\u00e9 sur le client. Motiv\u00e9 par les r\u00e9sultats.","publisher":{"@id":"https:\/\/emmanuelpaquin.com\/#organization"},"potentialAction":[{"@type":"SearchAction","target":{"@type":"EntryPoint","urlTemplate":"https:\/\/emmanuelpaquin.com\/?s={search_term_string}"},"query-input":"required name=search_term_string"}],"inLanguage":"en-CA"},{"@type":"WebPage","@id":"https:\/\/emmanuelpaquin.com\/en\/investisseurs#webpage","url":"https:\/\/emmanuelpaquin.com\/en\/investisseurs","name":"Real estate broker for investors in Montreal | Emmanuel Paquin","isPartOf":{"@id":"https:\/\/emmanuelpaquin.com\/#website"},"datePublished":"2021-10-27T18:18:01+00:00","dateModified":"2022-09-24T15:29:35+00:00","description":"Looking to invest in real estate? Contact Team Emmanuel Paquin, RE\/MAX real estate broker in Montreal.","breadcrumb":{"@id":"https:\/\/emmanuelpaquin.com\/en\/investisseurs#breadcrumb"},"inLanguage":"en-CA","potentialAction":[{"@type":"ReadAction","target":["https:\/\/emmanuelpaquin.com\/en\/investisseurs"]}]},{"@type":"BreadcrumbList","@id":"https:\/\/emmanuelpaquin.com\/en\/investisseurs#breadcrumb","itemListElement":[{"@type":"ListItem","position":1,"name":"Home","item":"https:\/\/emmanuelpaquin.com\/en\/home"},{"@type":"ListItem","position":2,"name":"Investors"}]}]}},"_links":{"self":[{"href":"https:\/\/emmanuelpaquin.com\/en\/wp-json\/wp\/v2\/pages\/12888"}],"collection":[{"href":"https:\/\/emmanuelpaquin.com\/en\/wp-json\/wp\/v2\/pages"}],"about":[{"href":"https:\/\/emmanuelpaquin.com\/en\/wp-json\/wp\/v2\/types\/page"}],"author":[{"embeddable":true,"href":"https:\/\/emmanuelpaquin.com\/en\/wp-json\/wp\/v2\/users\/1"}],"replies":[{"embeddable":true,"href":"https:\/\/emmanuelpaquin.com\/en\/wp-json\/wp\/v2\/comments?post=12888"}],"version-history":[{"count":6,"href":"https:\/\/emmanuelpaquin.com\/en\/wp-json\/wp\/v2\/pages\/12888\/revisions"}],"predecessor-version":[{"id":18355,"href":"https:\/\/emmanuelpaquin.com\/en\/wp-json\/wp\/v2\/pages\/12888\/revisions\/18355"}],"wp:attachment":[{"href":"https:\/\/emmanuelpaquin.com\/en\/wp-json\/wp\/v2\/media?parent=12888"}],"curies":[{"name":"wp","href":"https:\/\/api.w.org\/{rel}","templated":true}]}}