{"id":12884,"date":"2021-10-27T14:12:14","date_gmt":"2021-10-27T18:12:14","guid":{"rendered":"https:\/\/emmanuelpaquin.com\/documentation"},"modified":"2021-10-27T14:12:15","modified_gmt":"2021-10-27T18:12:15","slug":"documentation","status":"publish","type":"page","link":"https:\/\/emmanuelpaquin.com\/en\/documentation","title":{"rendered":"Documentation"},"content":{"rendered":"<p>[vc_row][vc_column][vc_column_text]\u00a0[\/vc_column_text][vc_column_text]<\/p>\n<h2 style=\"text-align: center;\">Useful resources to download<\/h2>\n<div class=\"content\">\n<p style=\"text-align: center;\">To help you sell your home or buy a property, here are some useful documents to download as well as a multitude of relevant links. You will find essential advice and information to help you in your real estate project.<\/p>\n<\/div>\n<p>[\/vc_column_text][vc_column_text]<\/p>\n<p style=\"text-align: left;\"><strong>Documentation <\/strong><\/p>\n<p style=\"text-align: left;\">Here are some free documents, powerful tools and judicious advice that will help you in the realization of your real estate project!<\/p>\n<p>[\/vc_column_text][\/vc_column][\/vc_row][vc_row][vc_column][vc_column_text]<\/p>\n<h2>Useful links<\/h2>\n<p>Here are some links to consult throughout the process of buying or selling a property:<\/p>\n<h4>Housing<\/h4>\n<ul>\n<li><a href=\"https:\/\/www.apq.org\/default.aspx\" target=\"_blank\" rel=\"noopener noreferrer\">L\u2019APQ (Association des propri\u00e9taires du Qu\u00e9bec)<\/a><\/li>\n<li><a href=\"https:\/\/www.corpiq.com\/\" target=\"_blank\" rel=\"noopener noreferrer\">La Corporation des propri\u00e9taires immobiliers du Qu\u00e9bec (CORPIQ)<\/a><\/li>\n<li><a href=\"https:\/\/www.oaciq.com\/fr\" target=\"_blank\" rel=\"noopener noreferrer\">L\u2019Organisme d\u2019autor\u00e9glementation du courtage immobilier du Qu\u00e9bec (OACIQ) <\/a><\/li>\n<li><a href=\"https:\/\/www.cmhc-schl.gc.ca\/\" target=\"_blank\" rel=\"noopener noreferrer\">La Soci\u00e9t\u00e9 canadienne d\u2019hypoth\u00e8ques et de logement (SCHL) <\/a><\/li>\n<\/ul>\n<p>&nbsp;<\/p>\n<h4>Municipality<\/h4>\n<ul>\n<li><a href=\"https:\/\/ville.montreal.qc.ca\/portal\/page?_pageid=5798,85041649&amp;_dad=portal&amp;_schema=PORTAL\" target=\"_blank\" rel=\"noopener noreferrer\">City of Montreal <\/a><\/li>\n<li><a href=\"https:\/\/csdm.ca\/\" target=\"_blank\" rel=\"noopener noreferrer\">La Commission scolaire de Montr\u00e9al (CSDM)<\/a><\/li>\n<li><a href=\"https:\/\/www.emsb.qc.ca\/emsb_fr\/index_fr.asp\" target=\"_blank\" rel=\"noopener noreferrer\">La Commission scolaire English-Montr\u00e9al (CSEM) <\/a><\/li>\n<li><a href=\"https:\/\/www.csmb.qc.ca\/\" target=\"_blank\" rel=\"noopener noreferrer\">La Commission scolaire Marguerite Bourgeoys (CSMB) <\/a><\/li>\n<\/ul>\n<p>&nbsp;<\/p>\n<h4>Services<\/h4>\n<ul>\n<li><a href=\"https:\/\/www.gazmetro.com\/\" target=\"_blank\" rel=\"noopener noreferrer\">Gaz-M\u00e9tro <\/a><\/li>\n<li><a href=\"https:\/\/www.hydroquebec.com\/residentiel\/\" target=\"_blank\" rel=\"noopener noreferrer\">Hydro Qu\u00e9bec <\/a><\/li>\n<li><a href=\"https:\/\/www.gouv.qc.ca\/FR\/Pages\/Accueil.aspx\" target=\"_blank\" rel=\"noopener noreferrer\">Gouvernement du Qu\u00e9bec (Services Qu\u00e9bec) <\/a><\/li>\n<li><a href=\"https:\/\/www.transitionenergetique.gouv.qc.ca\/accueil\/#.WXikeYg1-Uk\" target=\"_blank\" rel=\"noopener noreferrer\">L\u2019Agence de l\u2019efficacit\u00e9 \u00e9nerg\u00e9tique<\/a><\/li>\n<li><a href=\"https:\/\/www.canadapost.ca\/web\/fr\/home.page\" target=\"_blank\" rel=\"noopener noreferrer\">Postes Canada <\/a><\/li>\n<li><a href=\"https:\/\/www.adresse.gouv.qc.ca\/inscrire\/FormulaireChangementAdresse.aspx?Etape=0\" target=\"_blank\" rel=\"noopener noreferrer\">Service qu\u00e9b\u00e9cois de changement d\u2019adresse (SQCA) <\/a><\/li>\n<li><a href=\"https:\/\/www.protegez-vous.ca\/Maison\/qui-prevenir-lors-dun-changement-dadresse\" target=\"_blank\" rel=\"noopener noreferrer\">Prot\u00e9gez-vous \u2013 Changement d\u2019adresse <\/a><\/li>\n<\/ul>\n<p>[\/vc_column_text][\/vc_column][\/vc_row][vc_row][vc_column][\/vc_column][\/vc_row]<\/p>\n","protected":false},"excerpt":{"rendered":"<p>[vc_row][vc_column][vc_column_text]\u00a0[\/vc_column_text][vc_column_text] Useful resources to download To help you sell your home or buy a property, here are some useful documents to download as well as a multitude of relevant links. You will find essential advice and information to help you in your real estate project. [\/vc_column_text][vc_column_text] Documentation Here are some free documents, powerful tools and [&hellip;]<\/p>\n","protected":false},"author":2,"featured_media":0,"parent":0,"menu_order":0,"comment_status":"closed","ping_status":"closed","template":"template\/template-page.php","meta":{"content-type":""},"acf":[],"yoast_head":"<!-- This site is optimized with the Yoast SEO plugin v17.9 - https:\/\/yoast.com\/wordpress\/plugins\/seo\/ -->\n<title>Documentation | Emmanuel Paquin<\/title>\n<meta name=\"robots\" content=\"index, follow, max-snippet:-1, max-image-preview:large, max-video-preview:-1\" \/>\n<link rel=\"canonical\" href=\"https:\/\/emmanuelpaquin.com\/en\/documentation\" \/>\n<meta property=\"og:locale\" content=\"en_US\" \/>\n<meta property=\"og:type\" content=\"article\" \/>\n<meta property=\"og:title\" content=\"Documentation | Emmanuel Paquin\" \/>\n<meta property=\"og:description\" content=\"[vc_row][vc_column][vc_column_text]\u00a0[\/vc_column_text][vc_column_text] Useful resources to download To help you sell your home or buy a property, here are some useful documents to download as well as a multitude of relevant links. You will find essential advice and information to help you in your real estate project. [\/vc_column_text][vc_column_text] Documentation Here are some free documents, powerful tools and [&hellip;]\" \/>\n<meta property=\"og:url\" content=\"https:\/\/emmanuelpaquin.com\/en\/documentation\" \/>\n<meta property=\"og:site_name\" content=\"Emmanuel Paquin\" \/>\n<meta property=\"article:publisher\" content=\"https:\/\/www.facebook.com\/emmanuelpaquinremax\/\" \/>\n<meta property=\"article:modified_time\" content=\"2021-10-27T18:12:15+00:00\" \/>\n<meta name=\"twitter:card\" content=\"summary_large_image\" \/>\n<meta name=\"twitter:site\" content=\"@toitetvous\" \/>\n<meta name=\"twitter:label1\" content=\"Est. reading time\" \/>\n\t<meta name=\"twitter:data1\" content=\"1 minute\" \/>\n<script type=\"application\/ld+json\" class=\"yoast-schema-graph\">{\"@context\":\"https:\/\/schema.org\",\"@graph\":[{\"@type\":\"Organization\",\"@id\":\"https:\/\/emmanuelpaquin.com\/#organization\",\"name\":\"Emmanuel Paquin - Courtier Immobilier\",\"url\":\"https:\/\/emmanuelpaquin.com\/\",\"sameAs\":[\"https:\/\/www.facebook.com\/emmanuelpaquinremax\/\",\"https:\/\/www.instagram.com\/emmanuelpaquin\/\",\"https:\/\/www.linkedin.com\/in\/emmanuel-paquin-9885b17\/?originalSubdomain=ca\",\"https:\/\/www.youtube.com\/channel\/UCXgkkXLm9E6LbLtaN_cmS5w\",\"https:\/\/www.pinterest.ca\/toitetvous\/_saved\/\",\"https:\/\/twitter.com\/toitetvous\"],\"logo\":{\"@type\":\"ImageObject\",\"@id\":\"https:\/\/emmanuelpaquin.com\/#logo\",\"inLanguage\":\"en-CA\",\"url\":\"https:\/\/emmanuelpaquin.com\/wp-content\/uploads\/2021\/08\/emmanuel-sm3.jpg\",\"contentUrl\":\"https:\/\/emmanuelpaquin.com\/wp-content\/uploads\/2021\/08\/emmanuel-sm3.jpg\",\"width\":1000,\"height\":660,\"caption\":\"Emmanuel Paquin - Courtier Immobilier\"},\"image\":{\"@id\":\"https:\/\/emmanuelpaquin.com\/#logo\"}},{\"@type\":\"WebSite\",\"@id\":\"https:\/\/emmanuelpaquin.com\/#website\",\"url\":\"https:\/\/emmanuelpaquin.com\/\",\"name\":\"Emmanuel Paquin\",\"description\":\"Ax\\u00e9 sur le client. Motiv\\u00e9 par les r\\u00e9sultats.\",\"publisher\":{\"@id\":\"https:\/\/emmanuelpaquin.com\/#organization\"},\"potentialAction\":[{\"@type\":\"SearchAction\",\"target\":{\"@type\":\"EntryPoint\",\"urlTemplate\":\"https:\/\/emmanuelpaquin.com\/?s={search_term_string}\"},\"query-input\":\"required name=search_term_string\"}],\"inLanguage\":\"en-CA\"},{\"@type\":\"WebPage\",\"@id\":\"https:\/\/emmanuelpaquin.com\/en\/documentation#webpage\",\"url\":\"https:\/\/emmanuelpaquin.com\/en\/documentation\",\"name\":\"Documentation | Emmanuel Paquin\",\"isPartOf\":{\"@id\":\"https:\/\/emmanuelpaquin.com\/#website\"},\"datePublished\":\"2021-10-27T18:12:14+00:00\",\"dateModified\":\"2021-10-27T18:12:15+00:00\",\"breadcrumb\":{\"@id\":\"https:\/\/emmanuelpaquin.com\/en\/documentation#breadcrumb\"},\"inLanguage\":\"en-CA\",\"potentialAction\":[{\"@type\":\"ReadAction\",\"target\":[\"https:\/\/emmanuelpaquin.com\/en\/documentation\"]}]},{\"@type\":\"BreadcrumbList\",\"@id\":\"https:\/\/emmanuelpaquin.com\/en\/documentation#breadcrumb\",\"itemListElement\":[{\"@type\":\"ListItem\",\"position\":1,\"name\":\"Home\",\"item\":\"https:\/\/emmanuelpaquin.com\/en\/home\"},{\"@type\":\"ListItem\",\"position\":2,\"name\":\"Documentation\"}]}]}<\/script>\n<!-- \/ Yoast SEO plugin. -->","yoast_head_json":{"title":"Documentation | Emmanuel Paquin","robots":{"index":"index","follow":"follow","max-snippet":"max-snippet:-1","max-image-preview":"max-image-preview:large","max-video-preview":"max-video-preview:-1"},"canonical":"https:\/\/emmanuelpaquin.com\/en\/documentation","og_locale":"en_US","og_type":"article","og_title":"Documentation | Emmanuel Paquin","og_description":"[vc_row][vc_column][vc_column_text]\u00a0[\/vc_column_text][vc_column_text] Useful resources to download To help you sell your home or buy a property, here are some useful documents to download as well as a multitude of relevant links. You will find essential advice and information to help you in your real estate project. [\/vc_column_text][vc_column_text] Documentation Here are some free documents, powerful tools and [&hellip;]","og_url":"https:\/\/emmanuelpaquin.com\/en\/documentation","og_site_name":"Emmanuel Paquin","article_publisher":"https:\/\/www.facebook.com\/emmanuelpaquinremax\/","article_modified_time":"2021-10-27T18:12:15+00:00","twitter_card":"summary_large_image","twitter_site":"@toitetvous","twitter_misc":{"Est. reading time":"1 minute"},"schema":{"@context":"https:\/\/schema.org","@graph":[{"@type":"Organization","@id":"https:\/\/emmanuelpaquin.com\/#organization","name":"Emmanuel Paquin - Courtier Immobilier","url":"https:\/\/emmanuelpaquin.com\/","sameAs":["https:\/\/www.facebook.com\/emmanuelpaquinremax\/","https:\/\/www.instagram.com\/emmanuelpaquin\/","https:\/\/www.linkedin.com\/in\/emmanuel-paquin-9885b17\/?originalSubdomain=ca","https:\/\/www.youtube.com\/channel\/UCXgkkXLm9E6LbLtaN_cmS5w","https:\/\/www.pinterest.ca\/toitetvous\/_saved\/","https:\/\/twitter.com\/toitetvous"],"logo":{"@type":"ImageObject","@id":"https:\/\/emmanuelpaquin.com\/#logo","inLanguage":"en-CA","url":"https:\/\/emmanuelpaquin.com\/wp-content\/uploads\/2021\/08\/emmanuel-sm3.jpg","contentUrl":"https:\/\/emmanuelpaquin.com\/wp-content\/uploads\/2021\/08\/emmanuel-sm3.jpg","width":1000,"height":660,"caption":"Emmanuel Paquin - Courtier Immobilier"},"image":{"@id":"https:\/\/emmanuelpaquin.com\/#logo"}},{"@type":"WebSite","@id":"https:\/\/emmanuelpaquin.com\/#website","url":"https:\/\/emmanuelpaquin.com\/","name":"Emmanuel Paquin","description":"Ax\u00e9 sur le client. Motiv\u00e9 par les r\u00e9sultats.","publisher":{"@id":"https:\/\/emmanuelpaquin.com\/#organization"},"potentialAction":[{"@type":"SearchAction","target":{"@type":"EntryPoint","urlTemplate":"https:\/\/emmanuelpaquin.com\/?s={search_term_string}"},"query-input":"required name=search_term_string"}],"inLanguage":"en-CA"},{"@type":"WebPage","@id":"https:\/\/emmanuelpaquin.com\/en\/documentation#webpage","url":"https:\/\/emmanuelpaquin.com\/en\/documentation","name":"Documentation | Emmanuel Paquin","isPartOf":{"@id":"https:\/\/emmanuelpaquin.com\/#website"},"datePublished":"2021-10-27T18:12:14+00:00","dateModified":"2021-10-27T18:12:15+00:00","breadcrumb":{"@id":"https:\/\/emmanuelpaquin.com\/en\/documentation#breadcrumb"},"inLanguage":"en-CA","potentialAction":[{"@type":"ReadAction","target":["https:\/\/emmanuelpaquin.com\/en\/documentation"]}]},{"@type":"BreadcrumbList","@id":"https:\/\/emmanuelpaquin.com\/en\/documentation#breadcrumb","itemListElement":[{"@type":"ListItem","position":1,"name":"Home","item":"https:\/\/emmanuelpaquin.com\/en\/home"},{"@type":"ListItem","position":2,"name":"Documentation"}]}]}},"_links":{"self":[{"href":"https:\/\/emmanuelpaquin.com\/en\/wp-json\/wp\/v2\/pages\/12884"}],"collection":[{"href":"https:\/\/emmanuelpaquin.com\/en\/wp-json\/wp\/v2\/pages"}],"about":[{"href":"https:\/\/emmanuelpaquin.com\/en\/wp-json\/wp\/v2\/types\/page"}],"author":[{"embeddable":true,"href":"https:\/\/emmanuelpaquin.com\/en\/wp-json\/wp\/v2\/users\/2"}],"replies":[{"embeddable":true,"href":"https:\/\/emmanuelpaquin.com\/en\/wp-json\/wp\/v2\/comments?post=12884"}],"version-history":[{"count":0,"href":"https:\/\/emmanuelpaquin.com\/en\/wp-json\/wp\/v2\/pages\/12884\/revisions"}],"wp:attachment":[{"href":"https:\/\/emmanuelpaquin.com\/en\/wp-json\/wp\/v2\/media?parent=12884"}],"curies":[{"name":"wp","href":"https:\/\/api.w.org\/{rel}","templated":true}]}}