{"id":12851,"date":"2021-10-27T13:05:40","date_gmt":"2021-10-27T17:05:40","guid":{"rendered":"https:\/\/emmanuelpaquin.com\/buyers"},"modified":"2022-02-24T10:55:00","modified_gmt":"2022-02-24T15:55:00","slug":"buyers","status":"publish","type":"page","link":"https:\/\/emmanuelpaquin.com\/en\/buyers","title":{"rendered":"Buyers"},"content":{"rendered":"<p>[vc_section css=&#8221;.vc_custom_1588861918748{padding-top: 90px !important;padding-bottom: 90px !important;}&#8221;][vc_row][vc_column][vc_column_text]<\/p>\n<p style=\"text-align: center;\"><span style=\"font-weight: 400;\">Thinking of buying a property? Is this your first purchase or does some change in your life involve a quick move? Finding your ideal home is exciting but it can take a lot of energy, time and significant stress.<\/span><\/p>\n<p>[\/vc_column_text][vc_column_text]<\/p>\n<p style=\"text-align: center;\"><b>Our main goal<\/b><span style=\"font-weight: 400;\"> is that you are happy.<\/span><\/p>\n<p style=\"text-align: center;\"><b>Our commitment<\/b><span style=\"font-weight: 400;\"> is to communicate effectively with you during your buying experience, to provide you with key and strategic information, with honesty, and to help you make informed decisions appropriate to your reality.<\/span><\/p>\n<p>[\/vc_column_text][vc_column_text css=&#8221;.vc_custom_1588862664756{margin-top: 90px !important;}&#8221;]<\/p>\n<p style=\"text-align: center;\"><span style=\"font-weight: 400;\">Here is some content that may help you in your efforts<\/span><\/p>\n<p>[\/vc_column_text][vc_btn title=&#8221;BUYER&#8217;S KIT&#8221; style=&#8221;custom&#8221; custom_background=&#8221;#1e355e&#8221; custom_text=&#8221;#ffffff&#8221; shape=&#8221;square&#8221; align=&#8221;center&#8221; link=&#8221;url:http%3A%2F%2Femmanuelpaquin.com%2Fen%2Ftips-for-buyers|title:Tips%20for%20buyers|&#8221; css=&#8221;.vc_custom_1639491471478{margin-top: 20px !important;}&#8221;][\/vc_column][\/vc_row][\/vc_section][vc_section full_width=&#8221;stretch_row&#8221; parallax=&#8221;content-moving&#8221; parallax_image=&#8221;7422&#8243; parallax_speed_bg=&#8221;3&#8243; css=&#8221;.vc_custom_1588861695626{padding-top: 120px !important;padding-bottom: 120px !important;}&#8221;][vc_row][vc_column][vc_column_text el_class=&#8221;blur&#8221;]<\/p>\n<h2 class=\"hero-title\" style=\"text-align: center;\"><span style=\"font-size: 36px; color: #ffffff;\">First tips<\/span><\/h2>\n<p>[\/vc_column_text][\/vc_column][\/vc_row][\/vc_section][vc_row equal_height=&#8221;yes&#8221; content_placement=&#8221;top&#8221; el_class=&#8221;outilOverflow&#8221;][vc_column width=&#8221;1\/4&#8243; css=&#8221;.vc_custom_1588861545004{padding-top: 45px !important;padding-right: 25px !important;padding-bottom: 25px !important;padding-left: 25px !important;background-color: #153057 !important;}&#8221;][vc_icon icon_fontawesome=&#8221;fas fa-hand-holding-usd&#8221; color=&#8221;white&#8221; background_style=&#8221;rounded-outline&#8221; background_color=&#8221;white&#8221; size=&#8221;sm&#8221; css_animation=&#8221;fadeInDown&#8221;][vc_column_text css_animation=&#8221;fadeInDown&#8221;]<span style=\"color: #ffffff;\">Determine the down payment available and the price you are looking for before you start the buying process.<\/span>[\/vc_column_text][\/vc_column][vc_column width=&#8221;1\/4&#8243; css=&#8221;.vc_custom_1588861560001{padding-top: 45px !important;padding-right: 25px !important;padding-bottom: 25px !important;padding-left: 25px !important;background-color: #003da5 !important;}&#8221;][vc_icon icon_fontawesome=&#8221;fas fa-calculator&#8221; color=&#8221;white&#8221; background_style=&#8221;rounded-outline&#8221; background_color=&#8221;white&#8221; size=&#8221;sm&#8221; css_animation=&#8221;fadeInDown&#8221;][vc_column_text css_animation=&#8221;fadeInDown&#8221;]<span style=\"color: #ffffff;\">Use our<br \/>\n<a href=\"https:\/\/emmanuelpaquin.com\/en\/mortgage-calculator\">calculation tools<\/a><\/span>[\/vc_column_text][\/vc_column][vc_column width=&#8221;1\/4&#8243; css=&#8221;.vc_custom_1588861574752{padding-top: 45px !important;padding-right: 25px !important;padding-bottom: 25px !important;padding-left: 25px !important;background-color: #153057 !important;}&#8221;][vc_icon icon_fontawesome=&#8221;fas fa-tasks&#8221; color=&#8221;white&#8221; background_style=&#8221;rounded-outline&#8221; background_color=&#8221;white&#8221; size=&#8221;sm&#8221; css_animation=&#8221;fadeInDown&#8221;][vc_column_text css_animation=&#8221;fadeInDown&#8221;]<span style=\"color: #ffffff;\">List <a href=\"#a001\">your needs<\/a>, priorities and desired areas<\/span>[\/vc_column_text][\/vc_column][vc_column width=&#8221;1\/4&#8243; css=&#8221;.vc_custom_1588861593461{padding-top: 45px !important;padding-right: 25px !important;padding-bottom: 25px !important;padding-left: 25px !important;background-color: #003da5 !important;}&#8221;][vc_icon icon_fontawesome=&#8221;fas fa-pen-fancy&#8221; color=&#8221;white&#8221; background_style=&#8221;rounded-outline&#8221; background_color=&#8221;white&#8221; size=&#8221;sm&#8221; css_animation=&#8221;fadeInDown&#8221;][vc_column_text css_animation=&#8221;fadeInDown&#8221;]<span style=\"color: #ffffff;\">Take notes during your visits to share with your broker<\/span>[\/vc_column_text][\/vc_column][\/vc_row][vc_row equal_height=&#8221;yes&#8221; content_placement=&#8221;middle&#8221; el_class=&#8221;profile-section&#8221; el_id=&#8221;profile-section&#8221;][vc_column width=&#8221;1\/2&#8243; css=&#8221;.vc_custom_1588861017030{background-color: #f3f3f3 !important;}&#8221;][vc_column_text css=&#8221;.vc_custom_1635342015544{padding-top: 30px !important;padding-right: 30px !important;padding-bottom: 30px !important;padding-left: 30px !important;}&#8221;]<span style=\"font-size: 16px;\">It will be our pleasure to accompany you in this project to make it a pleasant experience. We will help you in your search, understand your needs, target the right properties and give you the benefit of many years of experience during visits. We will bring an objective point of view and provide you with all the explanations and information necessary to make your decision.<\/span><\/p>\n<p><span style=\"font-size: 16px;\">We will advise you at each step of your buying process thanks to our expertise in the real estate market and our knowledge of the different neighborhoods in Montreal. We will be there EVERY step of the way, from the negotiation, to the inspection and signing of the legal documents, such as the deed of sale.<\/span>[\/vc_column_text][\/vc_column][vc_column width=&#8221;1\/2&#8243; css=&#8221;.vc_custom_1639536292429{background-image: url(https:\/\/emmanuelpaquin.com\/wp-content\/uploads\/2021\/10\/team-picture-2-e1639512474750.jpg?id=12774) !important;background-position: center !important;background-repeat: no-repeat !important;background-size: cover !important;}&#8221; el_id=&#8221;profile-image&#8221;][\/vc_column][\/vc_row][vc_section full_width=&#8221;stretch_row&#8221; parallax=&#8221;content-moving&#8221; parallax_image=&#8221;8439&#8243; parallax_speed_bg=&#8221;3&#8243; css=&#8221;.vc_custom_1588861712877{margin-top: 180px !important;padding-top: 30px !important;padding-bottom: 30px !important;}&#8221;][vc_row content_placement=&#8221;middle&#8221;][vc_column][vc_column_text]<\/p>\n<p style=\"text-align: center; font-size: 25px; line-height: 38px;\"><span style=\"font-weight: 400; color: #ffffff;\">Contact us at the very beginning of your purchase project<br \/>\nso that we can help you make it a success.<\/span>[\/vc_column_text][vc_btn title=&#8221;CONTACT US&#8221; style=&#8221;custom&#8221; custom_background=&#8221;#dc1c2e&#8221; custom_text=&#8221;#ffffff&#8221; shape=&#8221;square&#8221; align=&#8221;center&#8221; link=&#8221;url:http%3A%2F%2Femmanuelpaquin.com%2Fen%2Fcontact|title:Contact|&#8221;][\/vc_column][\/vc_row][\/vc_section][vc_row css=&#8221;.vc_custom_1629942121372{padding-top: 90px !important;padding-bottom: 90px !important;}&#8221;][vc_column][vc_column_text]<a id=\"ancre_calcul_a001\" name=\"a001\"><\/a><br \/>\n<code><script src=\"https:\/\/cdnjs.cloudflare.com\/ajax\/libs\/iframe-resizer\/4.1.1\/iframeResizer.min.js\"><\/script><\/code><\/p>\n<div id=\"iframeAcheterForm\" class=\"iframeFull iframeAcheter\"><iframe loading=\"lazy\" src=\"https:\/\/qc.prospects.com\/prospects\/leadgrabber.do?tok=eoQ7duaYPlaC8ixWHiqcF3fmiyVZ2p5mEUMu0Rd4%2FJczB4%2BvKVYRJIJeKbmcZA2S%2By4ERz6BUjTt024Nhv4uVBYq1Q9mvA%3D%3D&amp;style_url=https:\/\/emmanuelpaquin.com\/wp-content\/themes\/houzez-child\/form.css&amp;lang=en\" width=\"100%\" height=\"100%\"><br \/>\n<\/iframe><\/div>\n<p>[\/vc_column_text][\/vc_column][\/vc_row]<\/p>\n","protected":false},"excerpt":{"rendered":"<p>[vc_section css=&#8221;.vc_custom_1588861918748{padding-top: 90px !important;padding-bottom: 90px !important;}&#8221;][vc_row][vc_column][vc_column_text] Thinking of buying a property? Is this your first purchase or does some change in your life involve a quick move? Finding your ideal home is exciting but it can take a lot of energy, time and significant stress. [\/vc_column_text][vc_column_text] Our main goal is that you are happy. Our [&hellip;]<\/p>\n","protected":false},"author":1,"featured_media":0,"parent":0,"menu_order":0,"comment_status":"closed","ping_status":"closed","template":"template\/template-homepage.php","meta":{"content-type":""},"acf":[],"yoast_head":"<!-- This site is optimized with the Yoast SEO plugin v17.9 - https:\/\/yoast.com\/wordpress\/plugins\/seo\/ -->\n<title>Real estate broker for home buying | Emmanuel Paquin<\/title>\n<meta name=\"description\" content=\"Looking for a new home? Contact the Emmanuel Paquin team, real estate broker for the purchase of a house in Montreal.\" \/>\n<meta name=\"robots\" content=\"index, follow, max-snippet:-1, max-image-preview:large, max-video-preview:-1\" \/>\n<link rel=\"canonical\" href=\"https:\/\/emmanuelpaquin.com\/en\/buyers\" \/>\n<meta property=\"og:locale\" content=\"en_US\" \/>\n<meta property=\"og:type\" content=\"article\" \/>\n<meta property=\"og:title\" content=\"Real estate broker for home buying | Emmanuel Paquin\" \/>\n<meta property=\"og:description\" content=\"Looking for a new home? Contact the Emmanuel Paquin team, real estate broker for the purchase of a house in Montreal.\" \/>\n<meta property=\"og:url\" content=\"https:\/\/emmanuelpaquin.com\/en\/buyers\" \/>\n<meta property=\"og:site_name\" content=\"Emmanuel Paquin\" \/>\n<meta property=\"article:publisher\" content=\"https:\/\/www.facebook.com\/emmanuelpaquinremax\/\" \/>\n<meta property=\"article:modified_time\" content=\"2022-02-24T15:55:00+00:00\" \/>\n<meta name=\"twitter:card\" content=\"summary_large_image\" \/>\n<meta name=\"twitter:site\" content=\"@toitetvous\" \/>\n<meta name=\"twitter:label1\" content=\"Est. reading time\" \/>\n\t<meta name=\"twitter:data1\" content=\"4 minutes\" \/>\n<script type=\"application\/ld+json\" class=\"yoast-schema-graph\">{\"@context\":\"https:\/\/schema.org\",\"@graph\":[{\"@type\":\"Organization\",\"@id\":\"https:\/\/emmanuelpaquin.com\/#organization\",\"name\":\"Emmanuel Paquin - Courtier Immobilier\",\"url\":\"https:\/\/emmanuelpaquin.com\/\",\"sameAs\":[\"https:\/\/www.facebook.com\/emmanuelpaquinremax\/\",\"https:\/\/www.instagram.com\/emmanuelpaquin\/\",\"https:\/\/www.linkedin.com\/in\/emmanuel-paquin-9885b17\/?originalSubdomain=ca\",\"https:\/\/www.youtube.com\/channel\/UCXgkkXLm9E6LbLtaN_cmS5w\",\"https:\/\/www.pinterest.ca\/toitetvous\/_saved\/\",\"https:\/\/twitter.com\/toitetvous\"],\"logo\":{\"@type\":\"ImageObject\",\"@id\":\"https:\/\/emmanuelpaquin.com\/#logo\",\"inLanguage\":\"en-CA\",\"url\":\"https:\/\/emmanuelpaquin.com\/wp-content\/uploads\/2021\/08\/emmanuel-sm3.jpg\",\"contentUrl\":\"https:\/\/emmanuelpaquin.com\/wp-content\/uploads\/2021\/08\/emmanuel-sm3.jpg\",\"width\":1000,\"height\":660,\"caption\":\"Emmanuel Paquin - Courtier Immobilier\"},\"image\":{\"@id\":\"https:\/\/emmanuelpaquin.com\/#logo\"}},{\"@type\":\"WebSite\",\"@id\":\"https:\/\/emmanuelpaquin.com\/#website\",\"url\":\"https:\/\/emmanuelpaquin.com\/\",\"name\":\"Emmanuel Paquin\",\"description\":\"Ax\\u00e9 sur le client. Motiv\\u00e9 par les r\\u00e9sultats.\",\"publisher\":{\"@id\":\"https:\/\/emmanuelpaquin.com\/#organization\"},\"potentialAction\":[{\"@type\":\"SearchAction\",\"target\":{\"@type\":\"EntryPoint\",\"urlTemplate\":\"https:\/\/emmanuelpaquin.com\/?s={search_term_string}\"},\"query-input\":\"required name=search_term_string\"}],\"inLanguage\":\"en-CA\"},{\"@type\":\"WebPage\",\"@id\":\"https:\/\/emmanuelpaquin.com\/en\/buyers#webpage\",\"url\":\"https:\/\/emmanuelpaquin.com\/en\/buyers\",\"name\":\"Real estate broker for home buying | Emmanuel Paquin\",\"isPartOf\":{\"@id\":\"https:\/\/emmanuelpaquin.com\/#website\"},\"datePublished\":\"2021-10-27T17:05:40+00:00\",\"dateModified\":\"2022-02-24T15:55:00+00:00\",\"description\":\"Looking for a new home? Contact the Emmanuel Paquin team, real estate broker for the purchase of a house in Montreal.\",\"breadcrumb\":{\"@id\":\"https:\/\/emmanuelpaquin.com\/en\/buyers#breadcrumb\"},\"inLanguage\":\"en-CA\",\"potentialAction\":[{\"@type\":\"ReadAction\",\"target\":[\"https:\/\/emmanuelpaquin.com\/en\/buyers\"]}]},{\"@type\":\"BreadcrumbList\",\"@id\":\"https:\/\/emmanuelpaquin.com\/en\/buyers#breadcrumb\",\"itemListElement\":[{\"@type\":\"ListItem\",\"position\":1,\"name\":\"Home\",\"item\":\"https:\/\/emmanuelpaquin.com\/en\/home\"},{\"@type\":\"ListItem\",\"position\":2,\"name\":\"Buyers\"}]}]}<\/script>\n<!-- \/ Yoast SEO plugin. -->","yoast_head_json":{"title":"Real estate broker for home buying | Emmanuel Paquin","description":"Looking for a new home? Contact the Emmanuel Paquin team, real estate broker for the purchase of a house in Montreal.","robots":{"index":"index","follow":"follow","max-snippet":"max-snippet:-1","max-image-preview":"max-image-preview:large","max-video-preview":"max-video-preview:-1"},"canonical":"https:\/\/emmanuelpaquin.com\/en\/buyers","og_locale":"en_US","og_type":"article","og_title":"Real estate broker for home buying | Emmanuel Paquin","og_description":"Looking for a new home? Contact the Emmanuel Paquin team, real estate broker for the purchase of a house in Montreal.","og_url":"https:\/\/emmanuelpaquin.com\/en\/buyers","og_site_name":"Emmanuel Paquin","article_publisher":"https:\/\/www.facebook.com\/emmanuelpaquinremax\/","article_modified_time":"2022-02-24T15:55:00+00:00","twitter_card":"summary_large_image","twitter_site":"@toitetvous","twitter_misc":{"Est. reading time":"4 minutes"},"schema":{"@context":"https:\/\/schema.org","@graph":[{"@type":"Organization","@id":"https:\/\/emmanuelpaquin.com\/#organization","name":"Emmanuel Paquin - Courtier Immobilier","url":"https:\/\/emmanuelpaquin.com\/","sameAs":["https:\/\/www.facebook.com\/emmanuelpaquinremax\/","https:\/\/www.instagram.com\/emmanuelpaquin\/","https:\/\/www.linkedin.com\/in\/emmanuel-paquin-9885b17\/?originalSubdomain=ca","https:\/\/www.youtube.com\/channel\/UCXgkkXLm9E6LbLtaN_cmS5w","https:\/\/www.pinterest.ca\/toitetvous\/_saved\/","https:\/\/twitter.com\/toitetvous"],"logo":{"@type":"ImageObject","@id":"https:\/\/emmanuelpaquin.com\/#logo","inLanguage":"en-CA","url":"https:\/\/emmanuelpaquin.com\/wp-content\/uploads\/2021\/08\/emmanuel-sm3.jpg","contentUrl":"https:\/\/emmanuelpaquin.com\/wp-content\/uploads\/2021\/08\/emmanuel-sm3.jpg","width":1000,"height":660,"caption":"Emmanuel Paquin - Courtier Immobilier"},"image":{"@id":"https:\/\/emmanuelpaquin.com\/#logo"}},{"@type":"WebSite","@id":"https:\/\/emmanuelpaquin.com\/#website","url":"https:\/\/emmanuelpaquin.com\/","name":"Emmanuel Paquin","description":"Ax\u00e9 sur le client. Motiv\u00e9 par les r\u00e9sultats.","publisher":{"@id":"https:\/\/emmanuelpaquin.com\/#organization"},"potentialAction":[{"@type":"SearchAction","target":{"@type":"EntryPoint","urlTemplate":"https:\/\/emmanuelpaquin.com\/?s={search_term_string}"},"query-input":"required name=search_term_string"}],"inLanguage":"en-CA"},{"@type":"WebPage","@id":"https:\/\/emmanuelpaquin.com\/en\/buyers#webpage","url":"https:\/\/emmanuelpaquin.com\/en\/buyers","name":"Real estate broker for home buying | Emmanuel Paquin","isPartOf":{"@id":"https:\/\/emmanuelpaquin.com\/#website"},"datePublished":"2021-10-27T17:05:40+00:00","dateModified":"2022-02-24T15:55:00+00:00","description":"Looking for a new home? Contact the Emmanuel Paquin team, real estate broker for the purchase of a house in Montreal.","breadcrumb":{"@id":"https:\/\/emmanuelpaquin.com\/en\/buyers#breadcrumb"},"inLanguage":"en-CA","potentialAction":[{"@type":"ReadAction","target":["https:\/\/emmanuelpaquin.com\/en\/buyers"]}]},{"@type":"BreadcrumbList","@id":"https:\/\/emmanuelpaquin.com\/en\/buyers#breadcrumb","itemListElement":[{"@type":"ListItem","position":1,"name":"Home","item":"https:\/\/emmanuelpaquin.com\/en\/home"},{"@type":"ListItem","position":2,"name":"Buyers"}]}]}},"_links":{"self":[{"href":"https:\/\/emmanuelpaquin.com\/en\/wp-json\/wp\/v2\/pages\/12851"}],"collection":[{"href":"https:\/\/emmanuelpaquin.com\/en\/wp-json\/wp\/v2\/pages"}],"about":[{"href":"https:\/\/emmanuelpaquin.com\/en\/wp-json\/wp\/v2\/types\/page"}],"author":[{"embeddable":true,"href":"https:\/\/emmanuelpaquin.com\/en\/wp-json\/wp\/v2\/users\/1"}],"replies":[{"embeddable":true,"href":"https:\/\/emmanuelpaquin.com\/en\/wp-json\/wp\/v2\/comments?post=12851"}],"version-history":[{"count":12,"href":"https:\/\/emmanuelpaquin.com\/en\/wp-json\/wp\/v2\/pages\/12851\/revisions"}],"predecessor-version":[{"id":15426,"href":"https:\/\/emmanuelpaquin.com\/en\/wp-json\/wp\/v2\/pages\/12851\/revisions\/15426"}],"wp:attachment":[{"href":"https:\/\/emmanuelpaquin.com\/en\/wp-json\/wp\/v2\/media?parent=12851"}],"curies":[{"name":"wp","href":"https:\/\/api.w.org\/{rel}","templated":true}]}}