{"id":12781,"date":"2021-10-26T19:44:18","date_gmt":"2021-10-26T23:44:18","guid":{"rendered":"https:\/\/emmanuelpaquin.com\/contact"},"modified":"2024-03-04T13:33:44","modified_gmt":"2024-03-04T18:33:44","slug":"contact","status":"publish","type":"page","link":"https:\/\/emmanuelpaquin.com\/en\/contact","title":{"rendered":"Contact"},"content":{"rendered":"<p>[vc_section full_width=&#8221;stretch_row&#8221; parallax=&#8221;content-moving&#8221; parallax_image=&#8221;7995&#8243; parallax_speed_bg=&#8221;3&#8243; css=&#8221;.vc_custom_1588952208861{padding-top: 120px !important;padding-bottom: 120px !important;}&#8221;][vc_row][vc_column][vc_column_text el_class=&#8221;blur&#8221;]<\/p>\n<h1 class=\"page-title-h1\" style=\"text-align: center;\"><span style=\"color: #ffffff;\">Contact<\/span><\/h1>\n<p>[\/vc_column_text][\/vc_column][\/vc_row][\/vc_section][vc_section][vc_row gap=&#8221;30&#8243; css=&#8221;.vc_custom_1669340732070{padding-top: 90px !important;}&#8221;][vc_column width=&#8221;2\/3&#8243;][vc_column_text]<\/p>\n<h2>Contact us<\/h2>\n<p>[\/vc_column_text][vc_column_text]<\/p>\n<div class=\"iframeFull iframeContact\"><iframe src=\"https:\/\/qc.prospects.com\/prospects\/leadgrabber.do?tok=DvaIrj5vs0*5854qkskx0wl41RJpBjFH4kYvrxCG4Cw2Pnq06R8q*tHUta1Z0c2Ym58LnTLX9MPmGZiseoOjaA%3D%3D&amp;type=1&amp;style_url=https:\/\/emmanuelpaquin.com\/wp-content\/themes\/houzez-child\/form.css&amp;lang=fr\" width=\"100%\"><\/iframe><\/div>\n<p>[\/vc_column_text][\/vc_column][vc_column width=&#8221;1\/3&#8243;][vc_column_text]<\/p>\n<h2><span style=\"color: #000000;\">Address<\/span><\/h2>\n<p>&nbsp;<\/p>\n<p><span style=\"color: #000000;\">Team Emmanuel Paquin<\/span><\/p>\n<p><span style=\"color: #000000;\">RE\/MAX Royal-Jordan Inc.<\/span><br \/>\n<span style=\"color: #000000;\">3535 boul. St-Charles, Bureau 304<\/span><br \/>\n<span style=\"color: #000000;\">Kirkland, Qu\u00e9bec, H9H 5B9<\/span><\/p>\n<p><span style=\"color: #000000;\">Cel.: <a style=\"color: #000000;\" href=\"tel:514%20757-6268\">514 757-6268<\/a><\/span><br \/>\n<span style=\"color: #000000;\">Cel.: <a style=\"color: #000000;\" href=\"tel:514%20557-4523\">514 557-4523<\/a><\/span><br \/>\n<span style=\"color: #000000;\">Bur.: <a style=\"color: #000000;\" href=\"tel:514%20694-0840\">514 694-0840<\/a><\/span>[\/vc_column_text][vc_icon icon_fontawesome=&#8221;fab fa-facebook-f&#8221; color=&#8221;custom&#8221; size=&#8221;xs&#8221; link=&#8221;url:https%3A%2F%2Fwww.facebook.com%2Femmanuelpaquinremax%2F|target:%20_blank|&#8221; el_class=&#8221;reseau&#8221; custom_color=&#8221;#1877f2&#8243;][vc_icon icon_fontawesome=&#8221;fab fa-linkedin-in&#8221; color=&#8221;custom&#8221; size=&#8221;xs&#8221; link=&#8221;url:https%3A%2F%2Fca.linkedin.com%2Fin%2Femmanuel-paquin-9885b17|target:%20_blank|&#8221; el_class=&#8221;reseau&#8221; custom_color=&#8221;#0072b1&#8243;][vc_icon icon_fontawesome=&#8221;fab fa-instagram&#8221; color=&#8221;custom&#8221; size=&#8221;xs&#8221; link=&#8221;url:https%3A%2F%2Fwww.instagram.com%2Femmanuelpaquin%2F|target:%20_blank|&#8221; el_class=&#8221;reseau&#8221; custom_color=&#8221;#fbad50&#8243;][vc_icon icon_fontawesome=&#8221;fab fa-twitter&#8221; color=&#8221;custom&#8221; size=&#8221;xs&#8221; link=&#8221;url:https%3A%2F%2Ftwitter.com%2Ftoitetvous|target:%20_blank|&#8221; el_class=&#8221;reseau&#8221; custom_color=&#8221;#1da1f2&#8243;][vc_icon icon_fontawesome=&#8221;fab fa-youtube&#8221; color=&#8221;custom&#8221; size=&#8221;xs&#8221; link=&#8221;url:https%3A%2F%2Fwww.youtube.com%2Fchannel%2FUCXgkkXLm9E6LbLtaN_cmS5w|target:%20_blank|&#8221; el_class=&#8221;reseau&#8221; custom_color=&#8221;#ff0000&#8243;][\/vc_column][\/vc_row][\/vc_section]<\/p>\n","protected":false},"excerpt":{"rendered":"<p>[vc_section full_width=&#8221;stretch_row&#8221; parallax=&#8221;content-moving&#8221; parallax_image=&#8221;7995&#8243; parallax_speed_bg=&#8221;3&#8243; css=&#8221;.vc_custom_1588952208861{padding-top: 120px !important;padding-bottom: 120px !important;}&#8221;][vc_row][vc_column][vc_column_text el_class=&#8221;blur&#8221;] Contact [\/vc_column_text][\/vc_column][\/vc_row][\/vc_section][vc_section][vc_row gap=&#8221;30&#8243; css=&#8221;.vc_custom_1669340732070{padding-top: 90px !important;}&#8221;][vc_column width=&#8221;2\/3&#8243;][vc_column_text] Contact us [\/vc_column_text][vc_column_text] [\/vc_column_text][\/vc_column][vc_column width=&#8221;1\/3&#8243;][vc_column_text] Address &nbsp; Team Emmanuel Paquin RE\/MAX Royal-Jordan Inc. 3535 boul. St-Charles, Bureau 304 Kirkland, Qu\u00e9bec, H9H 5B9 Cel.: 514 757-6268 Cel.: 514 557-4523 Bur.: 514 694-0840[\/vc_column_text][vc_icon icon_fontawesome=&#8221;fab fa-facebook-f&#8221; color=&#8221;custom&#8221; size=&#8221;xs&#8221; link=&#8221;url:https%3A%2F%2Fwww.facebook.com%2Femmanuelpaquinremax%2F|target:%20_blank|&#8221; el_class=&#8221;reseau&#8221; [&hellip;]<\/p>\n","protected":false},"author":1,"featured_media":0,"parent":0,"menu_order":0,"comment_status":"closed","ping_status":"closed","template":"template\/template-homepage.php","meta":{"content-type":""},"acf":[],"yoast_head":"<!-- This site is optimized with the Yoast SEO plugin v17.9 - https:\/\/yoast.com\/wordpress\/plugins\/seo\/ -->\n<title>Contact | Emmanuel Paquin<\/title>\n<meta name=\"robots\" content=\"index, follow, max-snippet:-1, max-image-preview:large, max-video-preview:-1\" \/>\n<link rel=\"canonical\" href=\"https:\/\/emmanuelpaquin.com\/en\/contact\" \/>\n<meta property=\"og:locale\" content=\"en_US\" \/>\n<meta property=\"og:type\" content=\"article\" \/>\n<meta property=\"og:title\" content=\"Contact | Emmanuel Paquin\" \/>\n<meta property=\"og:description\" content=\"[vc_section full_width=&#8221;stretch_row&#8221; parallax=&#8221;content-moving&#8221; parallax_image=&#8221;7995&#8243; parallax_speed_bg=&#8221;3&#8243; css=&#8221;.vc_custom_1588952208861{padding-top: 120px !important;padding-bottom: 120px !important;}&#8221;][vc_row][vc_column][vc_column_text el_class=&#8221;blur&#8221;] Contact [\/vc_column_text][\/vc_column][\/vc_row][\/vc_section][vc_section][vc_row gap=&#8221;30&#8243; css=&#8221;.vc_custom_1669340732070{padding-top: 90px !important;}&#8221;][vc_column width=&#8221;2\/3&#8243;][vc_column_text] Contact us [\/vc_column_text][vc_column_text] [\/vc_column_text][\/vc_column][vc_column width=&#8221;1\/3&#8243;][vc_column_text] Address &nbsp; Team Emmanuel Paquin RE\/MAX Royal-Jordan Inc. 3535 boul. St-Charles, Bureau 304 Kirkland, Qu\u00e9bec, H9H 5B9 Cel.: 514 757-6268 Cel.: 514 557-4523 Bur.: 514 694-0840[\/vc_column_text][vc_icon icon_fontawesome=&#8221;fab fa-facebook-f&#8221; color=&#8221;custom&#8221; size=&#8221;xs&#8221; link=&#8221;url:https%3A%2F%2Fwww.facebook.com%2Femmanuelpaquinremax%2F|target:%20_blank|&#8221; el_class=&#8221;reseau&#8221; [&hellip;]\" \/>\n<meta property=\"og:url\" content=\"https:\/\/emmanuelpaquin.com\/en\/contact\" \/>\n<meta property=\"og:site_name\" content=\"Emmanuel Paquin\" \/>\n<meta property=\"article:publisher\" content=\"https:\/\/www.facebook.com\/emmanuelpaquinremax\/\" \/>\n<meta property=\"article:modified_time\" content=\"2024-03-04T18:33:44+00:00\" \/>\n<meta name=\"twitter:card\" content=\"summary_large_image\" \/>\n<meta name=\"twitter:site\" content=\"@toitetvous\" \/>\n<meta name=\"twitter:label1\" content=\"Est. reading time\" \/>\n\t<meta name=\"twitter:data1\" content=\"1 minute\" \/>\n<script type=\"application\/ld+json\" class=\"yoast-schema-graph\">{\"@context\":\"https:\/\/schema.org\",\"@graph\":[{\"@type\":\"Organization\",\"@id\":\"https:\/\/emmanuelpaquin.com\/#organization\",\"name\":\"Emmanuel Paquin - Courtier Immobilier\",\"url\":\"https:\/\/emmanuelpaquin.com\/\",\"sameAs\":[\"https:\/\/www.facebook.com\/emmanuelpaquinremax\/\",\"https:\/\/www.instagram.com\/emmanuelpaquin\/\",\"https:\/\/www.linkedin.com\/in\/emmanuel-paquin-9885b17\/?originalSubdomain=ca\",\"https:\/\/www.youtube.com\/channel\/UCXgkkXLm9E6LbLtaN_cmS5w\",\"https:\/\/www.pinterest.ca\/toitetvous\/_saved\/\",\"https:\/\/twitter.com\/toitetvous\"],\"logo\":{\"@type\":\"ImageObject\",\"@id\":\"https:\/\/emmanuelpaquin.com\/#logo\",\"inLanguage\":\"en-CA\",\"url\":\"https:\/\/emmanuelpaquin.com\/wp-content\/uploads\/2021\/08\/emmanuel-sm3.jpg\",\"contentUrl\":\"https:\/\/emmanuelpaquin.com\/wp-content\/uploads\/2021\/08\/emmanuel-sm3.jpg\",\"width\":1000,\"height\":660,\"caption\":\"Emmanuel Paquin - Courtier Immobilier\"},\"image\":{\"@id\":\"https:\/\/emmanuelpaquin.com\/#logo\"}},{\"@type\":\"WebSite\",\"@id\":\"https:\/\/emmanuelpaquin.com\/#website\",\"url\":\"https:\/\/emmanuelpaquin.com\/\",\"name\":\"Emmanuel Paquin\",\"description\":\"Ax\\u00e9 sur le client. Motiv\\u00e9 par les r\\u00e9sultats.\",\"publisher\":{\"@id\":\"https:\/\/emmanuelpaquin.com\/#organization\"},\"potentialAction\":[{\"@type\":\"SearchAction\",\"target\":{\"@type\":\"EntryPoint\",\"urlTemplate\":\"https:\/\/emmanuelpaquin.com\/?s={search_term_string}\"},\"query-input\":\"required name=search_term_string\"}],\"inLanguage\":\"en-CA\"},{\"@type\":\"WebPage\",\"@id\":\"https:\/\/emmanuelpaquin.com\/en\/contact#webpage\",\"url\":\"https:\/\/emmanuelpaquin.com\/en\/contact\",\"name\":\"Contact | Emmanuel Paquin\",\"isPartOf\":{\"@id\":\"https:\/\/emmanuelpaquin.com\/#website\"},\"datePublished\":\"2021-10-26T23:44:18+00:00\",\"dateModified\":\"2024-03-04T18:33:44+00:00\",\"breadcrumb\":{\"@id\":\"https:\/\/emmanuelpaquin.com\/en\/contact#breadcrumb\"},\"inLanguage\":\"en-CA\",\"potentialAction\":[{\"@type\":\"ReadAction\",\"target\":[\"https:\/\/emmanuelpaquin.com\/en\/contact\"]}]},{\"@type\":\"BreadcrumbList\",\"@id\":\"https:\/\/emmanuelpaquin.com\/en\/contact#breadcrumb\",\"itemListElement\":[{\"@type\":\"ListItem\",\"position\":1,\"name\":\"Home\",\"item\":\"https:\/\/emmanuelpaquin.com\/en\/home\"},{\"@type\":\"ListItem\",\"position\":2,\"name\":\"Contact\"}]}]}<\/script>\n<!-- \/ Yoast SEO plugin. -->","yoast_head_json":{"title":"Contact | Emmanuel Paquin","robots":{"index":"index","follow":"follow","max-snippet":"max-snippet:-1","max-image-preview":"max-image-preview:large","max-video-preview":"max-video-preview:-1"},"canonical":"https:\/\/emmanuelpaquin.com\/en\/contact","og_locale":"en_US","og_type":"article","og_title":"Contact | Emmanuel Paquin","og_description":"[vc_section full_width=&#8221;stretch_row&#8221; parallax=&#8221;content-moving&#8221; parallax_image=&#8221;7995&#8243; parallax_speed_bg=&#8221;3&#8243; css=&#8221;.vc_custom_1588952208861{padding-top: 120px !important;padding-bottom: 120px !important;}&#8221;][vc_row][vc_column][vc_column_text el_class=&#8221;blur&#8221;] Contact [\/vc_column_text][\/vc_column][\/vc_row][\/vc_section][vc_section][vc_row gap=&#8221;30&#8243; css=&#8221;.vc_custom_1669340732070{padding-top: 90px !important;}&#8221;][vc_column width=&#8221;2\/3&#8243;][vc_column_text] Contact us [\/vc_column_text][vc_column_text] [\/vc_column_text][\/vc_column][vc_column width=&#8221;1\/3&#8243;][vc_column_text] Address &nbsp; Team Emmanuel Paquin RE\/MAX Royal-Jordan Inc. 3535 boul. St-Charles, Bureau 304 Kirkland, Qu\u00e9bec, H9H 5B9 Cel.: 514 757-6268 Cel.: 514 557-4523 Bur.: 514 694-0840[\/vc_column_text][vc_icon icon_fontawesome=&#8221;fab fa-facebook-f&#8221; color=&#8221;custom&#8221; size=&#8221;xs&#8221; link=&#8221;url:https%3A%2F%2Fwww.facebook.com%2Femmanuelpaquinremax%2F|target:%20_blank|&#8221; el_class=&#8221;reseau&#8221; [&hellip;]","og_url":"https:\/\/emmanuelpaquin.com\/en\/contact","og_site_name":"Emmanuel Paquin","article_publisher":"https:\/\/www.facebook.com\/emmanuelpaquinremax\/","article_modified_time":"2024-03-04T18:33:44+00:00","twitter_card":"summary_large_image","twitter_site":"@toitetvous","twitter_misc":{"Est. reading time":"1 minute"},"schema":{"@context":"https:\/\/schema.org","@graph":[{"@type":"Organization","@id":"https:\/\/emmanuelpaquin.com\/#organization","name":"Emmanuel Paquin - Courtier Immobilier","url":"https:\/\/emmanuelpaquin.com\/","sameAs":["https:\/\/www.facebook.com\/emmanuelpaquinremax\/","https:\/\/www.instagram.com\/emmanuelpaquin\/","https:\/\/www.linkedin.com\/in\/emmanuel-paquin-9885b17\/?originalSubdomain=ca","https:\/\/www.youtube.com\/channel\/UCXgkkXLm9E6LbLtaN_cmS5w","https:\/\/www.pinterest.ca\/toitetvous\/_saved\/","https:\/\/twitter.com\/toitetvous"],"logo":{"@type":"ImageObject","@id":"https:\/\/emmanuelpaquin.com\/#logo","inLanguage":"en-CA","url":"https:\/\/emmanuelpaquin.com\/wp-content\/uploads\/2021\/08\/emmanuel-sm3.jpg","contentUrl":"https:\/\/emmanuelpaquin.com\/wp-content\/uploads\/2021\/08\/emmanuel-sm3.jpg","width":1000,"height":660,"caption":"Emmanuel Paquin - Courtier Immobilier"},"image":{"@id":"https:\/\/emmanuelpaquin.com\/#logo"}},{"@type":"WebSite","@id":"https:\/\/emmanuelpaquin.com\/#website","url":"https:\/\/emmanuelpaquin.com\/","name":"Emmanuel Paquin","description":"Ax\u00e9 sur le client. Motiv\u00e9 par les r\u00e9sultats.","publisher":{"@id":"https:\/\/emmanuelpaquin.com\/#organization"},"potentialAction":[{"@type":"SearchAction","target":{"@type":"EntryPoint","urlTemplate":"https:\/\/emmanuelpaquin.com\/?s={search_term_string}"},"query-input":"required name=search_term_string"}],"inLanguage":"en-CA"},{"@type":"WebPage","@id":"https:\/\/emmanuelpaquin.com\/en\/contact#webpage","url":"https:\/\/emmanuelpaquin.com\/en\/contact","name":"Contact | Emmanuel Paquin","isPartOf":{"@id":"https:\/\/emmanuelpaquin.com\/#website"},"datePublished":"2021-10-26T23:44:18+00:00","dateModified":"2024-03-04T18:33:44+00:00","breadcrumb":{"@id":"https:\/\/emmanuelpaquin.com\/en\/contact#breadcrumb"},"inLanguage":"en-CA","potentialAction":[{"@type":"ReadAction","target":["https:\/\/emmanuelpaquin.com\/en\/contact"]}]},{"@type":"BreadcrumbList","@id":"https:\/\/emmanuelpaquin.com\/en\/contact#breadcrumb","itemListElement":[{"@type":"ListItem","position":1,"name":"Home","item":"https:\/\/emmanuelpaquin.com\/en\/home"},{"@type":"ListItem","position":2,"name":"Contact"}]}]}},"_links":{"self":[{"href":"https:\/\/emmanuelpaquin.com\/en\/wp-json\/wp\/v2\/pages\/12781"}],"collection":[{"href":"https:\/\/emmanuelpaquin.com\/en\/wp-json\/wp\/v2\/pages"}],"about":[{"href":"https:\/\/emmanuelpaquin.com\/en\/wp-json\/wp\/v2\/types\/page"}],"author":[{"embeddable":true,"href":"https:\/\/emmanuelpaquin.com\/en\/wp-json\/wp\/v2\/users\/1"}],"replies":[{"embeddable":true,"href":"https:\/\/emmanuelpaquin.com\/en\/wp-json\/wp\/v2\/comments?post=12781"}],"version-history":[{"count":8,"href":"https:\/\/emmanuelpaquin.com\/en\/wp-json\/wp\/v2\/pages\/12781\/revisions"}],"predecessor-version":[{"id":32469,"href":"https:\/\/emmanuelpaquin.com\/en\/wp-json\/wp\/v2\/pages\/12781\/revisions\/32469"}],"wp:attachment":[{"href":"https:\/\/emmanuelpaquin.com\/en\/wp-json\/wp\/v2\/media?parent=12781"}],"curies":[{"name":"wp","href":"https:\/\/api.w.org\/{rel}","templated":true}]}}